{"id":18343,"date":"2025-12-09T18:44:18","date_gmt":"2025-12-09T18:44:18","guid":{"rendered":"https:\/\/seashell-dinosaur-178689.hostingersite.com\/product\/coby-gold-9\/"},"modified":"2026-04-17T02:56:31","modified_gmt":"2026-04-17T02:56:31","slug":"coby-gold-9","status":"publish","type":"product","link":"https:\/\/theallbest.com\/en\/product\/coby-gold-9\/","title":{"rendered":"Coby gold"},"content":{"rendered":"<p>La Giuseppe Zanotti Kriss white \u00e8 una sneaker che offre un look fresco e moderno grazie alla sua tonalit\u00e0 di bianco puro. Perfetta per chi cerca una scarpa versatile e raffinata, questo modello pu\u00f2 essere facilmente abbinato a qualsiasi outfit. La suola robusta e la chiusura con zip laterale garantiscono comfort e durata, rendendo questa sneaker ideale per chi ama lo stile contemporaneo.<\/p>","protected":false},"excerpt":{"rendered":"<p>La Giuseppe Zanotti Kriss white \u00e8 una sneaker che offre un look fresco e moderno grazie alla sua tonalit\u00e0 di bianco puro. Perfetta per chi cerca una scarpa versatile e raffinata, questo modello pu\u00f2 essere facilmente abbinato a qualsiasi outfit. La suola robusta e la chiusura con zip laterale garantiscono comfort e durata, rendendo questa [&#8230;]","protected":false},"featured_media":999980000000183430,"comment_status":"open","ping_status":"closed","template":"","meta":[],"product_brand":[],"product_cat":[91],"product_tag":[],"class_list":{"0":"post-18343","1":"product","2":"type-product","3":"status-publish","4":"has-post-thumbnail","6":"product_cat-giuseppe-zanotti","8":"first","9":"instock","10":"shipping-taxable","11":"purchasable","12":"product-type-simple"},"_links":{"self":[{"href":"https:\/\/theallbest.com\/en\/wp-json\/wp\/v2\/product\/18343","targetHints":{"allow":["GET"]}}],"collection":[{"href":"https:\/\/theallbest.com\/en\/wp-json\/wp\/v2\/product"}],"about":[{"href":"https:\/\/theallbest.com\/en\/wp-json\/wp\/v2\/types\/product"}],"replies":[{"embeddable":true,"href":"https:\/\/theallbest.com\/en\/wp-json\/wp\/v2\/comments?post=18343"}],"wp:featuredmedia":[{"embeddable":true,"href":"https:\/\/theallbest.com\/en\/wp-json\/"}],"wp:attachment":[{"href":"https:\/\/theallbest.com\/en\/wp-json\/wp\/v2\/media?parent=18343"}],"wp:term":[{"taxonomy":"product_brand","embeddable":true,"href":"https:\/\/theallbest.com\/en\/wp-json\/wp\/v2\/product_brand?post=18343"},{"taxonomy":"product_cat","embeddable":true,"href":"https:\/\/theallbest.com\/en\/wp-json\/wp\/v2\/product_cat?post=18343"},{"taxonomy":"product_tag","embeddable":true,"href":"https:\/\/theallbest.com\/en\/wp-json\/wp\/v2\/product_tag?post=18343"}],"curies":[{"name":"wp","href":"https:\/\/api.w.org\/{rel}","templated":true}]}}