{"id":18336,"date":"2025-12-09T18:43:43","date_gmt":"2025-12-09T18:43:43","guid":{"rendered":"https:\/\/seashell-dinosaur-178689.hostingersite.com\/product\/coby-gold-2\/"},"modified":"2026-04-17T02:55:52","modified_gmt":"2026-04-17T02:55:52","slug":"coby-gold-2","status":"publish","type":"product","link":"https:\/\/theallbest.com\/en\/product\/coby-gold-2\/","title":{"rendered":"Coby gold"},"content":{"rendered":"<p>La Giuseppe Zanotti Frankie Black \u00e8 una sneaker iconica, caratterizzata da un design nero elegante e versatile. Questo modello \u00e8 perfetto per chi cerca una scarpa che unisca comfort e stile in un&#8217;unica soluzione. La chiusura con zip laterale, dettaglio distintivo di Zanotti, aggiunge un tocco di modernit\u00e0 e funzionalit\u00e0, rendendo questa sneaker un&#8217;opzione ideale per chi desidera unire lusso e praticit\u00e0.<\/p>","protected":false},"excerpt":{"rendered":"<p>La Giuseppe Zanotti Frankie Black \u00e8 una sneaker iconica, caratterizzata da un design nero elegante e versatile. Questo modello \u00e8 perfetto per chi cerca una scarpa che unisca comfort e stile in un&#8217;unica soluzione. La chiusura con zip laterale, dettaglio distintivo di Zanotti, aggiunge un tocco di modernit\u00e0 e funzionalit\u00e0, rendendo questa sneaker un&#8217;opzione ideale [&#8230;]","protected":false},"featured_media":999980000000183360,"comment_status":"open","ping_status":"closed","template":"","meta":[],"product_brand":[],"product_cat":[91],"product_tag":[],"class_list":{"0":"post-18336","1":"product","2":"type-product","3":"status-publish","4":"has-post-thumbnail","6":"product_cat-giuseppe-zanotti","8":"first","9":"instock","10":"shipping-taxable","11":"purchasable","12":"product-type-simple"},"_links":{"self":[{"href":"https:\/\/theallbest.com\/en\/wp-json\/wp\/v2\/product\/18336","targetHints":{"allow":["GET"]}}],"collection":[{"href":"https:\/\/theallbest.com\/en\/wp-json\/wp\/v2\/product"}],"about":[{"href":"https:\/\/theallbest.com\/en\/wp-json\/wp\/v2\/types\/product"}],"replies":[{"embeddable":true,"href":"https:\/\/theallbest.com\/en\/wp-json\/wp\/v2\/comments?post=18336"}],"wp:featuredmedia":[{"embeddable":true,"href":"https:\/\/theallbest.com\/en\/wp-json\/"}],"wp:attachment":[{"href":"https:\/\/theallbest.com\/en\/wp-json\/wp\/v2\/media?parent=18336"}],"wp:term":[{"taxonomy":"product_brand","embeddable":true,"href":"https:\/\/theallbest.com\/en\/wp-json\/wp\/v2\/product_brand?post=18336"},{"taxonomy":"product_cat","embeddable":true,"href":"https:\/\/theallbest.com\/en\/wp-json\/wp\/v2\/product_cat?post=18336"},{"taxonomy":"product_tag","embeddable":true,"href":"https:\/\/theallbest.com\/en\/wp-json\/wp\/v2\/product_tag?post=18336"}],"curies":[{"name":"wp","href":"https:\/\/api.w.org\/{rel}","templated":true}]}}