{"id":18110,"date":"2025-12-09T18:19:02","date_gmt":"2025-12-09T18:19:02","guid":{"rendered":"https:\/\/seashell-dinosaur-178689.hostingersite.com\/product\/steel-gray\/"},"modified":"2026-03-22T03:46:09","modified_gmt":"2026-03-22T03:46:09","slug":"steel-gray","status":"publish","type":"product","link":"https:\/\/theallbest.com\/en\/product\/steel-gray\/","title":{"rendered":"STEEL GRAY"},"content":{"rendered":"<p>Il modello pi\u00f9 popolare della serie YEEZY di Kanye \u00e8 chiaramente la Yeezy Boost 350 v2. Il suo successo \u00e8 ininterrotto fin dall\u2019uscita della prima Beluga. Da allora sono emerse decine di varianti di colore: versioni con scritte SPLY350 e strisce trasparenti, con o senza linguette. Un dettaglio che \u00e8 sempre rimasto invariato \u00e8 la comoda suola Boost e la flessibile tomaia Primeknit.<\/p>","protected":false},"excerpt":{"rendered":"<p>Il modello pi\u00f9 popolare della serie YEEZY di Kanye \u00e8 chiaramente la Yeezy Boost 350 v2. Il suo successo \u00e8 ininterrotto fin dall\u2019uscita della prima Beluga. Da allora sono emerse decine di varianti di colore: versioni con scritte SPLY350 e strisce trasparenti, con o senza linguette. Un dettaglio che \u00e8 sempre rimasto invariato \u00e8 la [&#8230;]","protected":false},"featured_media":999980000000181100,"comment_status":"open","ping_status":"closed","template":"","meta":[],"product_brand":[],"product_cat":[80],"product_tag":[],"class_list":{"0":"post-18110","1":"product","2":"type-product","3":"status-publish","4":"has-post-thumbnail","6":"product_cat-yeezy-350","8":"first","9":"instock","10":"shipping-taxable","11":"purchasable","12":"product-type-simple"},"_links":{"self":[{"href":"https:\/\/theallbest.com\/en\/wp-json\/wp\/v2\/product\/18110","targetHints":{"allow":["GET"]}}],"collection":[{"href":"https:\/\/theallbest.com\/en\/wp-json\/wp\/v2\/product"}],"about":[{"href":"https:\/\/theallbest.com\/en\/wp-json\/wp\/v2\/types\/product"}],"replies":[{"embeddable":true,"href":"https:\/\/theallbest.com\/en\/wp-json\/wp\/v2\/comments?post=18110"}],"wp:featuredmedia":[{"embeddable":true,"href":"https:\/\/theallbest.com\/en\/wp-json\/"}],"wp:attachment":[{"href":"https:\/\/theallbest.com\/en\/wp-json\/wp\/v2\/media?parent=18110"}],"wp:term":[{"taxonomy":"product_brand","embeddable":true,"href":"https:\/\/theallbest.com\/en\/wp-json\/wp\/v2\/product_brand?post=18110"},{"taxonomy":"product_cat","embeddable":true,"href":"https:\/\/theallbest.com\/en\/wp-json\/wp\/v2\/product_cat?post=18110"},{"taxonomy":"product_tag","embeddable":true,"href":"https:\/\/theallbest.com\/en\/wp-json\/wp\/v2\/product_tag?post=18110"}],"curies":[{"name":"wp","href":"https:\/\/api.w.org\/{rel}","templated":true}]}}