{"id":18090,"date":"2025-12-09T18:17:34","date_gmt":"2025-12-09T18:17:34","guid":{"rendered":"https:\/\/seashell-dinosaur-178689.hostingersite.com\/product\/yecheil-reflective\/"},"modified":"2026-04-17T00:15:06","modified_gmt":"2026-04-17T00:15:06","slug":"yecheil-reflective","status":"publish","type":"product","link":"https:\/\/theallbest.com\/en\/product\/yecheil-reflective\/","title":{"rendered":"YECHEIL (REFLECTIVE)"},"content":{"rendered":"<p>Rivelato nel 2015, la collezione\u00a0Yeezy, immaginato dal rapper Kanye West, continua a ottenere un lifting. Questo \u00e8 tanto pi\u00f9 il caso per il\u00a0Yeezy Boost 350 V2\u00a0i cui nuovi colori proliferano. Per questa nuova colorazione\u00a0Yecheil, Yeezy Mostra audacia e opta per l\u2019originalit\u00e0. La rottura \u00e8 sorprendente rispetto ai pallet solitamente utilizzati. In effetti, le tonalit\u00e0 naturali e abbastanza neutre di Yeezy sono stati sostituiti da una miscela di\u00a0colori luminosi. La tomaia Primeknit \u00e8 multicolore. La tessitura nera di base rivela diversi fili di colori diversi: bordeaux, rosso, viola, giallo, rose, verde blu. I colori sono distribuiti linearmente sulla scarpa, lasciando il suo solito posto al marchio. Per ogni colore, la tessitura \u00e8 diversa, il che offre una stampa e un effetto di asimmetria molto efficace. Elemento essenziale, tecnologia Boost \u00e8 usato per la suola nera. E poich\u00e9 ogni dettaglio conta, i lacci rotondi occupano anche il codice colore della coppia. Questo rifacimento innovativo, disponibile e non riflettente porter\u00e0 colore alle collezioni dei fan del marchio.<\/p>","protected":false},"excerpt":{"rendered":"<p>Rivelato nel 2015, la collezione\u00a0Yeezy, immaginato dal rapper Kanye West, continua a ottenere un lifting. Questo \u00e8 tanto pi\u00f9 il caso per il\u00a0Yeezy Boost 350 V2\u00a0i cui nuovi colori proliferano. Per questa nuova colorazione\u00a0Yecheil, Yeezy Mostra audacia e opta per l\u2019originalit\u00e0. La rottura \u00e8 sorprendente rispetto ai pallet solitamente utilizzati. In effetti, le tonalit\u00e0 naturali [&#8230;]","protected":false},"featured_media":999980000000180900,"comment_status":"open","ping_status":"closed","template":"","meta":[],"product_brand":[],"product_cat":[80],"product_tag":[],"class_list":{"0":"post-18090","1":"product","2":"type-product","3":"status-publish","4":"has-post-thumbnail","6":"product_cat-yeezy-350","8":"first","9":"instock","10":"shipping-taxable","11":"purchasable","12":"product-type-simple"},"_links":{"self":[{"href":"https:\/\/theallbest.com\/en\/wp-json\/wp\/v2\/product\/18090","targetHints":{"allow":["GET"]}}],"collection":[{"href":"https:\/\/theallbest.com\/en\/wp-json\/wp\/v2\/product"}],"about":[{"href":"https:\/\/theallbest.com\/en\/wp-json\/wp\/v2\/types\/product"}],"replies":[{"embeddable":true,"href":"https:\/\/theallbest.com\/en\/wp-json\/wp\/v2\/comments?post=18090"}],"wp:featuredmedia":[{"embeddable":true,"href":"https:\/\/theallbest.com\/en\/wp-json\/"}],"wp:attachment":[{"href":"https:\/\/theallbest.com\/en\/wp-json\/wp\/v2\/media?parent=18090"}],"wp:term":[{"taxonomy":"product_brand","embeddable":true,"href":"https:\/\/theallbest.com\/en\/wp-json\/wp\/v2\/product_brand?post=18090"},{"taxonomy":"product_cat","embeddable":true,"href":"https:\/\/theallbest.com\/en\/wp-json\/wp\/v2\/product_cat?post=18090"},{"taxonomy":"product_tag","embeddable":true,"href":"https:\/\/theallbest.com\/en\/wp-json\/wp\/v2\/product_tag?post=18090"}],"curies":[{"name":"wp","href":"https:\/\/api.w.org\/{rel}","templated":true}]}}