{"id":17882,"date":"2025-12-09T17:47:17","date_gmt":"2025-12-09T17:47:17","guid":{"rendered":"https:\/\/seashell-dinosaur-178689.hostingersite.com\/product\/lv-trainer-17\/"},"modified":"2026-03-22T01:35:49","modified_gmt":"2026-03-22T01:35:49","slug":"lv-trainer-17","status":"publish","type":"product","link":"https:\/\/theallbest.com\/en\/product\/lv-trainer-17\/","title":{"rendered":"LV trainer"},"content":{"rendered":"<p>La Louis Vuitton Trainer \u00e8 una sneaker che rappresenta l&#8217;incontro perfetto tra l&#8217;artigianalit\u00e0 di alta qualit\u00e0 e il design contemporaneo. Ispirata ai modelli di scarpe da basket degli anni &#8217;80, questa sneaker \u00e8 stata lanciata per la prima volta nella collezione Primavera\/Estate 2019 sotto la direzione creativa di Virgil Abloh. Da allora, \u00e8 diventata un&#8217;icona del marchio, amata per il suo design audace e la sua costruzione meticolosa.<br \/>\nOgni paio di Louis Vuitton Trainer richiede ore di lavorazione, con una particolare attenzione ai dettagli, come le cuciture precise e l&#8217;applicazione manuale del monogramma Louis Vuitton. La suola spessa, caratteristica distintiva della sneaker, offre non solo un comfort eccellente, ma anche un look robusto e di tendenza. Inoltre, la scarpa presenta dettagli unici come il logo LV sui lati e la scritta &#8220;Vuitton&#8221; sulla linguetta, che conferiscono un tocco di lusso inconfondibile.<\/p>","protected":false},"excerpt":{"rendered":"<p>La Louis Vuitton Trainer \u00e8 una sneaker che rappresenta l&#8217;incontro perfetto tra l&#8217;artigianalit\u00e0 di alta qualit\u00e0 e il design contemporaneo. Ispirata ai modelli di scarpe da basket degli anni &#8217;80, questa sneaker \u00e8 stata lanciata per la prima volta nella collezione Primavera\/Estate 2019 sotto la direzione creativa di Virgil Abloh. Da allora, \u00e8 diventata un&#8217;icona [&#8230;]","protected":false},"featured_media":999980000000178820,"comment_status":"open","ping_status":"closed","template":"","meta":[],"product_brand":[],"product_cat":[75],"product_tag":[],"class_list":{"0":"post-17882","1":"product","2":"type-product","3":"status-publish","4":"has-post-thumbnail","6":"product_cat-lv-trainer","8":"first","9":"outofstock","10":"shipping-taxable","11":"purchasable","12":"product-type-simple"},"_links":{"self":[{"href":"https:\/\/theallbest.com\/en\/wp-json\/wp\/v2\/product\/17882","targetHints":{"allow":["GET"]}}],"collection":[{"href":"https:\/\/theallbest.com\/en\/wp-json\/wp\/v2\/product"}],"about":[{"href":"https:\/\/theallbest.com\/en\/wp-json\/wp\/v2\/types\/product"}],"replies":[{"embeddable":true,"href":"https:\/\/theallbest.com\/en\/wp-json\/wp\/v2\/comments?post=17882"}],"wp:featuredmedia":[{"embeddable":true,"href":"https:\/\/theallbest.com\/en\/wp-json\/"}],"wp:attachment":[{"href":"https:\/\/theallbest.com\/en\/wp-json\/wp\/v2\/media?parent=17882"}],"wp:term":[{"taxonomy":"product_brand","embeddable":true,"href":"https:\/\/theallbest.com\/en\/wp-json\/wp\/v2\/product_brand?post=17882"},{"taxonomy":"product_cat","embeddable":true,"href":"https:\/\/theallbest.com\/en\/wp-json\/wp\/v2\/product_cat?post=17882"},{"taxonomy":"product_tag","embeddable":true,"href":"https:\/\/theallbest.com\/en\/wp-json\/wp\/v2\/product_tag?post=17882"}],"curies":[{"name":"wp","href":"https:\/\/api.w.org\/{rel}","templated":true}]}}