{"id":17855,"date":"2025-12-09T17:33:27","date_gmt":"2025-12-09T17:33:27","guid":{"rendered":"https:\/\/seashell-dinosaur-178689.hostingersite.com\/product\/b22-37\/"},"modified":"2026-03-22T01:06:33","modified_gmt":"2026-03-22T01:06:33","slug":"b22-37","status":"publish","type":"product","link":"https:\/\/theallbest.com\/en\/product\/b22-37\/","title":{"rendered":"B22"},"content":{"rendered":"<p>La Dior B22 \u2018Khaki Pistacho\u2019 combina il kaki con il verde pistacchio per un look fresco e naturale. Questo modello \u00e8 perfetto per chi cerca una sneaker che trasmetta un senso di tranquillit\u00e0 e modernit\u00e0. La suola chunky delle B22 offre un comfort eccellente, rendendo questa scarpa ideale per chi desidera unire stile e benessere in un unico modello.<\/p>","protected":false},"excerpt":{"rendered":"<p>La Dior B22 \u2018Khaki Pistacho\u2019 combina il kaki con il verde pistacchio per un look fresco e naturale. Questo modello \u00e8 perfetto per chi cerca una sneaker che trasmetta un senso di tranquillit\u00e0 e modernit\u00e0. La suola chunky delle B22 offre un comfort eccellente, rendendo questa scarpa ideale per chi desidera unire stile e benessere [&#8230;]","protected":false},"featured_media":999980000000178550,"comment_status":"open","ping_status":"closed","template":"","meta":[],"product_brand":[],"product_cat":[74],"product_tag":[],"class_list":{"0":"post-17855","1":"product","2":"type-product","3":"status-publish","4":"has-post-thumbnail","6":"product_cat-b22","8":"first","9":"instock","10":"shipping-taxable","11":"purchasable","12":"product-type-simple"},"_links":{"self":[{"href":"https:\/\/theallbest.com\/en\/wp-json\/wp\/v2\/product\/17855","targetHints":{"allow":["GET"]}}],"collection":[{"href":"https:\/\/theallbest.com\/en\/wp-json\/wp\/v2\/product"}],"about":[{"href":"https:\/\/theallbest.com\/en\/wp-json\/wp\/v2\/types\/product"}],"replies":[{"embeddable":true,"href":"https:\/\/theallbest.com\/en\/wp-json\/wp\/v2\/comments?post=17855"}],"wp:featuredmedia":[{"embeddable":true,"href":"https:\/\/theallbest.com\/en\/wp-json\/"}],"wp:attachment":[{"href":"https:\/\/theallbest.com\/en\/wp-json\/wp\/v2\/media?parent=17855"}],"wp:term":[{"taxonomy":"product_brand","embeddable":true,"href":"https:\/\/theallbest.com\/en\/wp-json\/wp\/v2\/product_brand?post=17855"},{"taxonomy":"product_cat","embeddable":true,"href":"https:\/\/theallbest.com\/en\/wp-json\/wp\/v2\/product_cat?post=17855"},{"taxonomy":"product_tag","embeddable":true,"href":"https:\/\/theallbest.com\/en\/wp-json\/wp\/v2\/product_tag?post=17855"}],"curies":[{"name":"wp","href":"https:\/\/api.w.org\/{rel}","templated":true}]}}