{"id":17570,"date":"2025-12-09T16:52:46","date_gmt":"2025-12-09T16:52:46","guid":{"rendered":"https:\/\/seashell-dinosaur-178689.hostingersite.com\/product\/dolce-sneakers-18\/"},"modified":"2026-04-16T00:47:12","modified_gmt":"2026-04-16T00:47:12","slug":"dolce-sneakers-18","status":"publish","type":"product","link":"https:\/\/theallbest.com\/en\/product\/dolce-sneakers-18\/","title":{"rendered":"Dolce sneakers"},"content":{"rendered":"<p>La Dolce Gabbana Calfskin Portofino sneakers White \u00e8 una sneaker versatile e di tendenza, realizzata in pelle di vitello bianca. Questo modello \u00e8 perfetto per chi cerca una scarpa che unisca comfort e stile, ideale per un utilizzo quotidiano. La sua semplicit\u00e0 elegante la rende facile da abbinare a qualsiasi outfit, garantendo sempre un tocco di classe.<\/p>","protected":false},"excerpt":{"rendered":"<p>La Dolce Gabbana Calfskin Portofino sneakers White \u00e8 una sneaker versatile e di tendenza, realizzata in pelle di vitello bianca. Questo modello \u00e8 perfetto per chi cerca una scarpa che unisca comfort e stile, ideale per un utilizzo quotidiano. La sua semplicit\u00e0 elegante la rende facile da abbinare a qualsiasi outfit, garantendo sempre un tocco [&#8230;]","protected":false},"featured_media":999980000000175700,"comment_status":"open","ping_status":"closed","template":"","meta":[],"product_brand":[],"product_cat":[210],"product_tag":[],"class_list":{"0":"post-17570","1":"product","2":"type-product","3":"status-publish","4":"has-post-thumbnail","6":"product_cat-dolce-gabbana-2","8":"first","9":"instock","10":"shipping-taxable","11":"purchasable","12":"product-type-simple"},"_links":{"self":[{"href":"https:\/\/theallbest.com\/en\/wp-json\/wp\/v2\/product\/17570","targetHints":{"allow":["GET"]}}],"collection":[{"href":"https:\/\/theallbest.com\/en\/wp-json\/wp\/v2\/product"}],"about":[{"href":"https:\/\/theallbest.com\/en\/wp-json\/wp\/v2\/types\/product"}],"replies":[{"embeddable":true,"href":"https:\/\/theallbest.com\/en\/wp-json\/wp\/v2\/comments?post=17570"}],"wp:featuredmedia":[{"embeddable":true,"href":"https:\/\/theallbest.com\/en\/wp-json\/"}],"wp:attachment":[{"href":"https:\/\/theallbest.com\/en\/wp-json\/wp\/v2\/media?parent=17570"}],"wp:term":[{"taxonomy":"product_brand","embeddable":true,"href":"https:\/\/theallbest.com\/en\/wp-json\/wp\/v2\/product_brand?post=17570"},{"taxonomy":"product_cat","embeddable":true,"href":"https:\/\/theallbest.com\/en\/wp-json\/wp\/v2\/product_cat?post=17570"},{"taxonomy":"product_tag","embeddable":true,"href":"https:\/\/theallbest.com\/en\/wp-json\/wp\/v2\/product_tag?post=17570"}],"curies":[{"name":"wp","href":"https:\/\/api.w.org\/{rel}","templated":true}]}}