{"id":17424,"date":"2025-12-09T16:38:13","date_gmt":"2025-12-09T16:38:13","guid":{"rendered":"https:\/\/seashell-dinosaur-178689.hostingersite.com\/product\/disrupt-white-gum\/"},"modified":"2026-04-15T03:56:02","modified_gmt":"2026-04-15T03:56:02","slug":"disrupt-white-gum","status":"publish","type":"product","link":"https:\/\/theallbest.com\/en\/product\/disrupt-white-gum\/","title":{"rendered":"DISRUPT WHITE GUM"},"content":{"rendered":"<p>Il ritorno del\u00a0Dunk\u00a0sul palco sneakers Non non sar\u00e0 riuscito a ispirare il marchio a Swoosh. Presentato per la prima volta lo scorso settembre, il\u00a0Nike Dunk Low Disrupt\u00a0\u00e8 una versione modernizzata della silhouette retr\u00f2. L\u00e0\u00a0Nike Dunk Low Disrupt black White Gum\u00a0ha una tomaia di miscelazione\u00a0pelle\u00a0E\u00a0maglia\u00a0per un rendering bi-materiale\u00a0rilievo. La tomaia completa black \u00e8 in contrasto con la goccia bianca mentre una suola con piattaforma bianca e gomma porta una coppia unica alla coppia.\u00a0Proporzioni reinventate\u00a0E\u00a0Linee robuste, L\u00e0 Dunk Low Disrupt respira nuova energia in uno dei modelli che hanno forgiato l\u2019eredit\u00e0 di Nike.<\/p>","protected":false},"excerpt":{"rendered":"<p>Il ritorno del\u00a0Dunk\u00a0sul palco sneakers Non non sar\u00e0 riuscito a ispirare il marchio a Swoosh. Presentato per la prima volta lo scorso settembre, il\u00a0Nike Dunk Low Disrupt\u00a0\u00e8 una versione modernizzata della silhouette retr\u00f2. L\u00e0\u00a0Nike Dunk Low Disrupt black White Gum\u00a0ha una tomaia di miscelazione\u00a0pelle\u00a0E\u00a0maglia\u00a0per un rendering bi-materiale\u00a0rilievo. La tomaia completa black \u00e8 in contrasto con [&#8230;]","protected":false},"featured_media":999980000000174240,"comment_status":"open","ping_status":"closed","template":"","meta":[],"product_brand":[],"product_cat":[69],"product_tag":[],"class_list":{"0":"post-17424","1":"product","2":"type-product","3":"status-publish","4":"has-post-thumbnail","6":"product_cat-dunk-low","8":"first","9":"instock","10":"shipping-taxable","11":"purchasable","12":"product-type-simple"},"_links":{"self":[{"href":"https:\/\/theallbest.com\/en\/wp-json\/wp\/v2\/product\/17424","targetHints":{"allow":["GET"]}}],"collection":[{"href":"https:\/\/theallbest.com\/en\/wp-json\/wp\/v2\/product"}],"about":[{"href":"https:\/\/theallbest.com\/en\/wp-json\/wp\/v2\/types\/product"}],"replies":[{"embeddable":true,"href":"https:\/\/theallbest.com\/en\/wp-json\/wp\/v2\/comments?post=17424"}],"wp:featuredmedia":[{"embeddable":true,"href":"https:\/\/theallbest.com\/en\/wp-json\/"}],"wp:attachment":[{"href":"https:\/\/theallbest.com\/en\/wp-json\/wp\/v2\/media?parent=17424"}],"wp:term":[{"taxonomy":"product_brand","embeddable":true,"href":"https:\/\/theallbest.com\/en\/wp-json\/wp\/v2\/product_brand?post=17424"},{"taxonomy":"product_cat","embeddable":true,"href":"https:\/\/theallbest.com\/en\/wp-json\/wp\/v2\/product_cat?post=17424"},{"taxonomy":"product_tag","embeddable":true,"href":"https:\/\/theallbest.com\/en\/wp-json\/wp\/v2\/product_tag?post=17424"}],"curies":[{"name":"wp","href":"https:\/\/api.w.org\/{rel}","templated":true}]}}