{"id":17141,"date":"2025-12-09T16:13:34","date_gmt":"2025-12-09T16:13:34","guid":{"rendered":"https:\/\/seashell-dinosaur-178689.hostingersite.com\/product\/air-max-plus-tn-3m\/"},"modified":"2026-04-15T01:25:47","modified_gmt":"2026-04-15T01:25:47","slug":"air-max-plus-tn-3m","status":"publish","type":"product","link":"https:\/\/theallbest.com\/en\/product\/air-max-plus-tn-3m\/","title":{"rendered":"AIR MAX PLUS TN \u20183M\u2019"},"content":{"rendered":"<p>La Air Max Plus TN \u20183M\u2019 \u00e8 una scarpa che brilla di notte grazie ai suoi dettagli riflettenti. Il design 3M offre un aspetto dinamico e accattivante, perfetto per chi ama essere notato anche al buio. Questo modello combina l&#8217;iconica silhouette delle TN con una tecnologia che migliora la visibilit\u00e0, mantenendo sempre il massimo comfort grazie alla suola con tecnologia Tuned Air. \u00c8 ideale per chi cerca una sneaker pratica e stilosa per le serate in citt\u00e0.<\/p>","protected":false},"excerpt":{"rendered":"<p>La Air Max Plus TN \u20183M\u2019 \u00e8 una scarpa che brilla di notte grazie ai suoi dettagli riflettenti. Il design 3M offre un aspetto dinamico e accattivante, perfetto per chi ama essere notato anche al buio. Questo modello combina l&#8217;iconica silhouette delle TN con una tecnologia che migliora la visibilit\u00e0, mantenendo sempre il massimo comfort [&#8230;]","protected":false},"featured_media":999980000000171410,"comment_status":"open","ping_status":"closed","template":"","meta":[],"product_brand":[],"product_cat":[63],"product_tag":[],"class_list":{"0":"post-17141","1":"product","2":"type-product","3":"status-publish","4":"has-post-thumbnail","6":"product_cat-air-max-tn","8":"first","9":"instock","10":"shipping-taxable","11":"purchasable","12":"product-type-simple"},"_links":{"self":[{"href":"https:\/\/theallbest.com\/en\/wp-json\/wp\/v2\/product\/17141","targetHints":{"allow":["GET"]}}],"collection":[{"href":"https:\/\/theallbest.com\/en\/wp-json\/wp\/v2\/product"}],"about":[{"href":"https:\/\/theallbest.com\/en\/wp-json\/wp\/v2\/types\/product"}],"replies":[{"embeddable":true,"href":"https:\/\/theallbest.com\/en\/wp-json\/wp\/v2\/comments?post=17141"}],"wp:featuredmedia":[{"embeddable":true,"href":"https:\/\/theallbest.com\/en\/wp-json\/"}],"wp:attachment":[{"href":"https:\/\/theallbest.com\/en\/wp-json\/wp\/v2\/media?parent=17141"}],"wp:term":[{"taxonomy":"product_brand","embeddable":true,"href":"https:\/\/theallbest.com\/en\/wp-json\/wp\/v2\/product_brand?post=17141"},{"taxonomy":"product_cat","embeddable":true,"href":"https:\/\/theallbest.com\/en\/wp-json\/wp\/v2\/product_cat?post=17141"},{"taxonomy":"product_tag","embeddable":true,"href":"https:\/\/theallbest.com\/en\/wp-json\/wp\/v2\/product_tag?post=17141"}],"curies":[{"name":"wp","href":"https:\/\/api.w.org\/{rel}","templated":true}]}}