{"id":17051,"date":"2025-12-09T16:06:56","date_gmt":"2025-12-09T16:06:56","guid":{"rendered":"https:\/\/seashell-dinosaur-178689.hostingersite.com\/product\/air-max-plus-tn-dark-beetroot\/"},"modified":"2026-04-15T00:15:57","modified_gmt":"2026-04-15T00:15:57","slug":"air-max-plus-tn-dark-beetroot","status":"publish","type":"product","link":"https:\/\/theallbest.com\/en\/product\/air-max-plus-tn-dark-beetroot\/","title":{"rendered":"AIR MAX PLUS TN \u2018DARK BEETROOT\u2019"},"content":{"rendered":"<p>La Air Max Plus TN \u2018Dark Beetroot\u2019 presenta una tonalit\u00e0 di rosso scuro che crea un look ricco e sofisticato. Questo modello \u00e8 perfetto per chi cerca una sneaker elegante e versatile, adatta sia a look casual che pi\u00f9 raffinati. La suola Tuned Air garantisce un comfort eccellente, rendendo questa scarpa ideale per un utilizzo prolungato con stile e sicurezza.<\/p>","protected":false},"excerpt":{"rendered":"<p>La Air Max Plus TN \u2018Dark Beetroot\u2019 presenta una tonalit\u00e0 di rosso scuro che crea un look ricco e sofisticato. Questo modello \u00e8 perfetto per chi cerca una sneaker elegante e versatile, adatta sia a look casual che pi\u00f9 raffinati. La suola Tuned Air garantisce un comfort eccellente, rendendo questa scarpa ideale per un utilizzo [&#8230;]","protected":false},"featured_media":999980000000170510,"comment_status":"open","ping_status":"closed","template":"","meta":[],"product_brand":[],"product_cat":[63],"product_tag":[],"class_list":{"0":"post-17051","1":"product","2":"type-product","3":"status-publish","4":"has-post-thumbnail","6":"product_cat-air-max-tn","8":"first","9":"instock","10":"shipping-taxable","11":"purchasable","12":"product-type-simple"},"_links":{"self":[{"href":"https:\/\/theallbest.com\/en\/wp-json\/wp\/v2\/product\/17051","targetHints":{"allow":["GET"]}}],"collection":[{"href":"https:\/\/theallbest.com\/en\/wp-json\/wp\/v2\/product"}],"about":[{"href":"https:\/\/theallbest.com\/en\/wp-json\/wp\/v2\/types\/product"}],"replies":[{"embeddable":true,"href":"https:\/\/theallbest.com\/en\/wp-json\/wp\/v2\/comments?post=17051"}],"wp:featuredmedia":[{"embeddable":true,"href":"https:\/\/theallbest.com\/en\/wp-json\/"}],"wp:attachment":[{"href":"https:\/\/theallbest.com\/en\/wp-json\/wp\/v2\/media?parent=17051"}],"wp:term":[{"taxonomy":"product_brand","embeddable":true,"href":"https:\/\/theallbest.com\/en\/wp-json\/wp\/v2\/product_brand?post=17051"},{"taxonomy":"product_cat","embeddable":true,"href":"https:\/\/theallbest.com\/en\/wp-json\/wp\/v2\/product_cat?post=17051"},{"taxonomy":"product_tag","embeddable":true,"href":"https:\/\/theallbest.com\/en\/wp-json\/wp\/v2\/product_tag?post=17051"}],"curies":[{"name":"wp","href":"https:\/\/api.w.org\/{rel}","templated":true}]}}