{"id":16999,"date":"2025-12-09T16:03:13","date_gmt":"2025-12-09T16:03:13","guid":{"rendered":"https:\/\/seashell-dinosaur-178689.hostingersite.com\/product\/air-max-plus-tn-mica-green\/"},"modified":"2026-05-10T01:25:48","modified_gmt":"2026-05-10T01:25:48","slug":"air-max-plus-tn-mica-green","status":"publish","type":"product","link":"https:\/\/theallbest.com\/en\/product\/air-max-plus-tn-mica-green\/","title":{"rendered":"AIR MAX PLUS TN \u2018MICA GREEN\u2019"},"content":{"rendered":"<p>La Air Max Plus TN \u2018Mica Green\u2019 offre un look fresco e rilassante con le sue tonalit\u00e0 verde menta. Questo modello \u00e8 perfetto per chi cerca una scarpa che trasmetta calma e serenit\u00e0, pur mantenendo un aspetto moderno e sofisticato. Il verde menta \u00e8 accostato a dettagli pi\u00f9 scuri, creando un piacevole contrasto che rende la sneaker versatile e adatta a diverse occasioni. La suola Tuned Air assicura un comfort superiore per un utilizzo prolungato.<\/p>","protected":false},"excerpt":{"rendered":"<p>La Air Max Plus TN \u2018Mica Green\u2019 offre un look fresco e rilassante con le sue tonalit\u00e0 verde menta. Questo modello \u00e8 perfetto per chi cerca una scarpa che trasmetta calma e serenit\u00e0, pur mantenendo un aspetto moderno e sofisticato. Il verde menta \u00e8 accostato a dettagli pi\u00f9 scuri, creando un piacevole contrasto che rende [&#8230;]","protected":false},"featured_media":999980000000169990,"comment_status":"open","ping_status":"closed","template":"","meta":[],"product_brand":[],"product_cat":[63],"product_tag":[],"class_list":{"0":"post-16999","1":"product","2":"type-product","3":"status-publish","4":"has-post-thumbnail","6":"product_cat-air-max-tn","8":"first","9":"instock","10":"shipping-taxable","11":"purchasable","12":"product-type-simple"},"_links":{"self":[{"href":"https:\/\/theallbest.com\/en\/wp-json\/wp\/v2\/product\/16999","targetHints":{"allow":["GET"]}}],"collection":[{"href":"https:\/\/theallbest.com\/en\/wp-json\/wp\/v2\/product"}],"about":[{"href":"https:\/\/theallbest.com\/en\/wp-json\/wp\/v2\/types\/product"}],"replies":[{"embeddable":true,"href":"https:\/\/theallbest.com\/en\/wp-json\/wp\/v2\/comments?post=16999"}],"wp:featuredmedia":[{"embeddable":true,"href":"https:\/\/theallbest.com\/en\/wp-json\/"}],"wp:attachment":[{"href":"https:\/\/theallbest.com\/en\/wp-json\/wp\/v2\/media?parent=16999"}],"wp:term":[{"taxonomy":"product_brand","embeddable":true,"href":"https:\/\/theallbest.com\/en\/wp-json\/wp\/v2\/product_brand?post=16999"},{"taxonomy":"product_cat","embeddable":true,"href":"https:\/\/theallbest.com\/en\/wp-json\/wp\/v2\/product_cat?post=16999"},{"taxonomy":"product_tag","embeddable":true,"href":"https:\/\/theallbest.com\/en\/wp-json\/wp\/v2\/product_tag?post=16999"}],"curies":[{"name":"wp","href":"https:\/\/api.w.org\/{rel}","templated":true}]}}