{"id":16810,"date":"2025-12-09T10:51:48","date_gmt":"2025-12-09T10:51:48","guid":{"rendered":"https:\/\/seashell-dinosaur-178689.hostingersite.com\/product\/triple-white\/"},"modified":"2026-04-14T02:35:19","modified_gmt":"2026-04-14T02:35:19","slug":"triple-white","status":"publish","type":"product","link":"https:\/\/theallbest.com\/en\/product\/triple-white\/","title":{"rendered":"TRIPLE WHITE"},"content":{"rendered":"<p>Ispirato al modello rilasciato nel\u00a01985,\u00a0Jordan Brand\u00a0ci offre una nuova versione Triple White del\u00a0Air Jordan 1 Low\u00a0in uno stile sobrio e raffinato. QuestaAir Jordan 1 Low Triple White Swoosh brevettato (2022)\u00a0visualizza una parte superiore monocromatica\u00a0pelle bianca\u00a0a cui si aggiungono lacci e suola in\u00a0gomma\u00a0dello stesso colore. Questa nuova versione del\u00a0Triple White\u00a0presenta pelle liscia sui pannelli superiori. Tieni presente che in questa versione, il\u00a0Swoosh\u00a0apparir\u00e0 in a\u00a0pelle verniciata bianca\u00a0per un effetto vernice perfettamente intonato al resto della silhouette. Con un design cos\u00ec raffinato, questo paio emblematico pu\u00f2 abbinarsi perfettamente a tutti gli outfit, sia classici che pi\u00f9 originali\u2026<\/p>","protected":false},"excerpt":{"rendered":"<p>Ispirato al modello rilasciato nel\u00a01985,\u00a0Jordan Brand\u00a0ci offre una nuova versione Triple White del\u00a0Air Jordan 1 Low\u00a0in uno stile sobrio e raffinato. QuestaAir Jordan 1 Low Triple White Swoosh brevettato (2022)\u00a0visualizza una parte superiore monocromatica\u00a0pelle bianca\u00a0a cui si aggiungono lacci e suola in\u00a0gomma\u00a0dello stesso colore. Questa nuova versione del\u00a0Triple White\u00a0presenta pelle liscia sui pannelli superiori. Tieni [&#8230;]","protected":false},"featured_media":999980000000168100,"comment_status":"open","ping_status":"closed","template":"","meta":[],"product_brand":[],"product_cat":[54],"product_tag":[],"class_list":{"0":"post-16810","1":"product","2":"type-product","3":"status-publish","4":"has-post-thumbnail","6":"product_cat-jordan-low","8":"first","9":"instock","10":"shipping-taxable","11":"purchasable","12":"product-type-simple"},"_links":{"self":[{"href":"https:\/\/theallbest.com\/en\/wp-json\/wp\/v2\/product\/16810","targetHints":{"allow":["GET"]}}],"collection":[{"href":"https:\/\/theallbest.com\/en\/wp-json\/wp\/v2\/product"}],"about":[{"href":"https:\/\/theallbest.com\/en\/wp-json\/wp\/v2\/types\/product"}],"replies":[{"embeddable":true,"href":"https:\/\/theallbest.com\/en\/wp-json\/wp\/v2\/comments?post=16810"}],"wp:featuredmedia":[{"embeddable":true,"href":"https:\/\/theallbest.com\/en\/wp-json\/"}],"wp:attachment":[{"href":"https:\/\/theallbest.com\/en\/wp-json\/wp\/v2\/media?parent=16810"}],"wp:term":[{"taxonomy":"product_brand","embeddable":true,"href":"https:\/\/theallbest.com\/en\/wp-json\/wp\/v2\/product_brand?post=16810"},{"taxonomy":"product_cat","embeddable":true,"href":"https:\/\/theallbest.com\/en\/wp-json\/wp\/v2\/product_cat?post=16810"},{"taxonomy":"product_tag","embeddable":true,"href":"https:\/\/theallbest.com\/en\/wp-json\/wp\/v2\/product_tag?post=16810"}],"curies":[{"name":"wp","href":"https:\/\/api.w.org\/{rel}","templated":true}]}}