{"id":16786,"date":"2025-12-09T10:51:44","date_gmt":"2025-12-09T10:51:44","guid":{"rendered":"https:\/\/seashell-dinosaur-178689.hostingersite.com\/product\/eatside-golf\/"},"modified":"2026-04-14T02:34:39","modified_gmt":"2026-04-14T02:34:39","slug":"eatside-golf","status":"publish","type":"product","link":"https:\/\/theallbest.com\/en\/product\/eatside-golf\/","title":{"rendered":"EATSIDE GOLF"},"content":{"rendered":"<p>Per la stagione. Autunno\/inverno 2022,Jordan Brand\u00a0associati aEastside Golf, Marchio lifestyle di Atlanta in Georgia che inclusi inclusivit\u00e0 e diversit\u00e0 nel golf. L\u00e0\u00a0Air Jordan 1 Low Eastside Golf\u00a0\u00e8 adornato con una parte superiore\u00a0Night Blue Night\u00a0alla consistenza flessibile che offre un comfort ottimale. Un duo di lacci cerati neri con agleri dorati adorna la lingua e porta un tocco di luminosit\u00e0 alla silhouette scura. L\u2019intera tomaia si basa su a\u00a0Suola crema\u00a0alla suola traslucida. Svelato a fianco\u00a0AJ12\u00a0E\u00a0Aj1 High, il nuovo\u00a0Air Jordan 1 Low\u00a0Si distingue grazie al suo ricamo premium.<\/p>","protected":false},"excerpt":{"rendered":"<p>Per la stagione. Autunno\/inverno 2022,Jordan Brand\u00a0associati aEastside Golf, Marchio lifestyle di Atlanta in Georgia che inclusi inclusivit\u00e0 e diversit\u00e0 nel golf. L\u00e0\u00a0Air Jordan 1 Low Eastside Golf\u00a0\u00e8 adornato con una parte superiore\u00a0Night Blue Night\u00a0alla consistenza flessibile che offre un comfort ottimale. Un duo di lacci cerati neri con agleri dorati adorna la lingua e porta [&#8230;]","protected":false},"featured_media":999980000000167860,"comment_status":"open","ping_status":"closed","template":"","meta":[],"product_brand":[],"product_cat":[54],"product_tag":[],"class_list":{"0":"post-16786","1":"product","2":"type-product","3":"status-publish","4":"has-post-thumbnail","6":"product_cat-jordan-low","8":"first","9":"instock","10":"shipping-taxable","11":"purchasable","12":"product-type-simple"},"_links":{"self":[{"href":"https:\/\/theallbest.com\/en\/wp-json\/wp\/v2\/product\/16786","targetHints":{"allow":["GET"]}}],"collection":[{"href":"https:\/\/theallbest.com\/en\/wp-json\/wp\/v2\/product"}],"about":[{"href":"https:\/\/theallbest.com\/en\/wp-json\/wp\/v2\/types\/product"}],"replies":[{"embeddable":true,"href":"https:\/\/theallbest.com\/en\/wp-json\/wp\/v2\/comments?post=16786"}],"wp:featuredmedia":[{"embeddable":true,"href":"https:\/\/theallbest.com\/en\/wp-json\/"}],"wp:attachment":[{"href":"https:\/\/theallbest.com\/en\/wp-json\/wp\/v2\/media?parent=16786"}],"wp:term":[{"taxonomy":"product_brand","embeddable":true,"href":"https:\/\/theallbest.com\/en\/wp-json\/wp\/v2\/product_brand?post=16786"},{"taxonomy":"product_cat","embeddable":true,"href":"https:\/\/theallbest.com\/en\/wp-json\/wp\/v2\/product_cat?post=16786"},{"taxonomy":"product_tag","embeddable":true,"href":"https:\/\/theallbest.com\/en\/wp-json\/wp\/v2\/product_tag?post=16786"}],"curies":[{"name":"wp","href":"https:\/\/api.w.org\/{rel}","templated":true}]}}