{"id":16661,"date":"2025-12-09T10:51:20","date_gmt":"2025-12-09T10:51:20","guid":{"rendered":"https:\/\/seashell-dinosaur-178689.hostingersite.com\/product\/og-denim\/"},"modified":"2026-03-19T04:27:01","modified_gmt":"2026-03-19T04:27:01","slug":"og-denim","status":"publish","type":"product","link":"https:\/\/theallbest.com\/en\/product\/og-denim\/","title":{"rendered":"OG DENIM"},"content":{"rendered":"<p>Jordan Brand ancora una volta mette in evidenza il file\u00a0Air Jordan 1 High\u00a0Attraverso un colore apprezzato che si \u00e8 gi\u00e0 dimostrato. L\u00e0\u00a0Air Jordan 1 High OG Denim\u00a0Visualizza una base in\u00a0pelle bianca\u00a0accompagnato da sovrapposizioni in\u00a0denim sbiadito. Delle\u00a0bordi grezzi\u00a0Dai una trama e porta autenticit\u00e0 a questa silhouette lavorata. Per finire tutto, imponente\u00a0Doubr\u00e9s in metallo dorato\u00a0evidenzia a\u00a0Jumpman\u00a0e registrazione \u201cJordan\u201c. Gi\u00e0 visto sul\u00a0Air Jordan 1 Low\u00a0e il\u00a0Air Jordan 6, questo colore washed denim ritorna a uno dei modelli pi\u00f9 popolari di sneakers Tossicodipendenti.<\/p>","protected":false},"excerpt":{"rendered":"<p>Jordan Brand ancora una volta mette in evidenza il file\u00a0Air Jordan 1 High\u00a0Attraverso un colore apprezzato che si \u00e8 gi\u00e0 dimostrato. L\u00e0\u00a0Air Jordan 1 High OG Denim\u00a0Visualizza una base in\u00a0pelle bianca\u00a0accompagnato da sovrapposizioni in\u00a0denim sbiadito. Delle\u00a0bordi grezzi\u00a0Dai una trama e porta autenticit\u00e0 a questa silhouette lavorata. Per finire tutto, imponente\u00a0Doubr\u00e9s in metallo dorato\u00a0evidenzia a\u00a0Jumpman\u00a0e registrazione [&#8230;]","protected":false},"featured_media":999980000000166610,"comment_status":"open","ping_status":"closed","template":"","meta":[],"product_brand":[],"product_cat":[54],"product_tag":[],"class_list":{"0":"post-16661","1":"product","2":"type-product","3":"status-publish","4":"has-post-thumbnail","6":"product_cat-jordan-low","8":"first","9":"instock","10":"shipping-taxable","11":"purchasable","12":"product-type-simple"},"_links":{"self":[{"href":"https:\/\/theallbest.com\/en\/wp-json\/wp\/v2\/product\/16661","targetHints":{"allow":["GET"]}}],"collection":[{"href":"https:\/\/theallbest.com\/en\/wp-json\/wp\/v2\/product"}],"about":[{"href":"https:\/\/theallbest.com\/en\/wp-json\/wp\/v2\/types\/product"}],"replies":[{"embeddable":true,"href":"https:\/\/theallbest.com\/en\/wp-json\/wp\/v2\/comments?post=16661"}],"wp:featuredmedia":[{"embeddable":true,"href":"https:\/\/theallbest.com\/en\/wp-json\/"}],"wp:attachment":[{"href":"https:\/\/theallbest.com\/en\/wp-json\/wp\/v2\/media?parent=16661"}],"wp:term":[{"taxonomy":"product_brand","embeddable":true,"href":"https:\/\/theallbest.com\/en\/wp-json\/wp\/v2\/product_brand?post=16661"},{"taxonomy":"product_cat","embeddable":true,"href":"https:\/\/theallbest.com\/en\/wp-json\/wp\/v2\/product_cat?post=16661"},{"taxonomy":"product_tag","embeddable":true,"href":"https:\/\/theallbest.com\/en\/wp-json\/wp\/v2\/product_tag?post=16661"}],"curies":[{"name":"wp","href":"https:\/\/api.w.org\/{rel}","templated":true}]}}