{"id":16157,"date":"2025-12-08T16:30:45","date_gmt":"2025-12-08T16:30:45","guid":{"rendered":"https:\/\/seashell-dinosaur-178689.hostingersite.com\/product\/d2-shorts-4\/"},"modified":"2026-04-13T01:16:03","modified_gmt":"2026-04-13T01:16:03","slug":"d2-shorts-4","status":"publish","type":"product","link":"https:\/\/theallbest.com\/en\/product\/d2-shorts-4\/","title":{"rendered":"D2 Shorts"},"content":{"rendered":"<p>I pantaloncini corti DSquared2, sia in denim che in altri materiali, sono un&#8217;espressione audace e distintiva dello stile del brand. I modelli in denim sono caratterizzati da un look vissuto, grazie a dettagli come strappi, lavaggi effetto vintage, e finiture distressed, che conferiscono un tocco ribelle e moderno. Questi pantaloncini si ispirano al design classico del jeans, ma con un taglio contemporaneo, perfetto per chi cerca un look casual e alla moda.<br \/>\nOltre ai pantaloncini in denim, DSquared2 offre anche pantaloncini in altri materiali come cotone e tessuti tecnici, ideali per uno stile pi\u00f9 rilassato ma sempre raffinato. Questi modelli spesso includono dettagli come loghi prominenti, patch applicati e cinture elasticizzate, garantendo una vestibilit\u00e0 comoda e una grande versatilit\u00e0. Le versioni pi\u00f9 sportive sono perfette per un look estivo casual o da spiaggia, mentre i modelli pi\u00f9 strutturati si adattano anche a contesti pi\u00f9 urbani e ricercati.<br \/>\nIndossare i pantaloncini corti DSquared2 significa abbracciare un look che unisce moda, comfort e personalit\u00e0, ideale per chi desidera distinguersi con un capo che riflette lo stile streetwear di lusso per cui il brand \u00e8 famoso.<\/p>","protected":false},"excerpt":{"rendered":"<p>I pantaloncini corti DSquared2, sia in denim che in altri materiali, sono un&#8217;espressione audace e distintiva dello stile del brand. I modelli in denim sono caratterizzati da un look vissuto, grazie a dettagli come strappi, lavaggi effetto vintage, e finiture distressed, che conferiscono un tocco ribelle e moderno. Questi pantaloncini si ispirano al design classico [&#8230;]","protected":false},"featured_media":999980000000161570,"comment_status":"open","ping_status":"closed","template":"","meta":[],"product_brand":[],"product_cat":[258],"product_tag":[],"class_list":{"0":"post-16157","1":"product","2":"type-product","3":"status-publish","4":"has-post-thumbnail","6":"product_cat-dsquared2-shorts","8":"first","9":"outofstock","10":"shipping-taxable","11":"purchasable","12":"product-type-simple"},"_links":{"self":[{"href":"https:\/\/theallbest.com\/en\/wp-json\/wp\/v2\/product\/16157","targetHints":{"allow":["GET"]}}],"collection":[{"href":"https:\/\/theallbest.com\/en\/wp-json\/wp\/v2\/product"}],"about":[{"href":"https:\/\/theallbest.com\/en\/wp-json\/wp\/v2\/types\/product"}],"replies":[{"embeddable":true,"href":"https:\/\/theallbest.com\/en\/wp-json\/wp\/v2\/comments?post=16157"}],"wp:featuredmedia":[{"embeddable":true,"href":"https:\/\/theallbest.com\/en\/wp-json\/"}],"wp:attachment":[{"href":"https:\/\/theallbest.com\/en\/wp-json\/wp\/v2\/media?parent=16157"}],"wp:term":[{"taxonomy":"product_brand","embeddable":true,"href":"https:\/\/theallbest.com\/en\/wp-json\/wp\/v2\/product_brand?post=16157"},{"taxonomy":"product_cat","embeddable":true,"href":"https:\/\/theallbest.com\/en\/wp-json\/wp\/v2\/product_cat?post=16157"},{"taxonomy":"product_tag","embeddable":true,"href":"https:\/\/theallbest.com\/en\/wp-json\/wp\/v2\/product_tag?post=16157"}],"curies":[{"name":"wp","href":"https:\/\/api.w.org\/{rel}","templated":true}]}}