{"id":15340,"date":"2025-12-08T14:42:55","date_gmt":"2025-12-08T14:42:55","guid":{"rendered":"https:\/\/seashell-dinosaur-178689.hostingersite.com\/product\/gc-shorts-2\/"},"modified":"2026-03-17T01:19:46","modified_gmt":"2026-03-17T01:19:46","slug":"gc-shorts-2","status":"publish","type":"product","link":"https:\/\/theallbest.com\/en\/product\/gc-shorts-2\/","title":{"rendered":"GC shorts"},"content":{"rendered":"<p>I pantaloncini corti Gucci sono la scelta ideale per chi cerca un capo di abbigliamento che unisca stile e comfort in modo impeccabile. Realizzati con materiali di alta qualit\u00e0, questi shorts offrono una vestibilit\u00e0 confortevole e sono pensati per durare, rendendoli perfetti per le stagioni pi\u00f9 calde o per un look casual ma raffinato.<br \/>\nI design dei pantaloncini Gucci variano da modelli pi\u00f9 sportivi e rilassati, perfetti per il tempo libero, a versioni eleganti e sofisticate che possono essere facilmente abbinate a capi pi\u00f9 formali. Dettagli distintivi come il logo GG, le stampe iconiche e le rifiniture curate aggiungono un tocco di lusso e fanno di ogni paio di shorts un pezzo unico.<br \/>\nGucci, con la sua lunga storia iniziata nel 1921, \u00e8 sinonimo di innovazione e tradizione, e i suoi pantaloncini corti non fanno eccezione. Indossare un paio di shorts Gucci significa aggiungere un elemento di stile inconfondibile al proprio guardaroba, perfetto per chi desidera esprimere la propria personalit\u00e0 attraverso capi che combinano eleganza e praticit\u00e0<\/p>","protected":false},"excerpt":{"rendered":"<p>I pantaloncini corti Gucci sono la scelta ideale per chi cerca un capo di abbigliamento che unisca stile e comfort in modo impeccabile. Realizzati con materiali di alta qualit\u00e0, questi shorts offrono una vestibilit\u00e0 confortevole e sono pensati per durare, rendendoli perfetti per le stagioni pi\u00f9 calde o per un look casual ma raffinato. I [&#8230;]","protected":false},"featured_media":999980000000153400,"comment_status":"open","ping_status":"closed","template":"","meta":[],"product_brand":[],"product_cat":[231],"product_tag":[],"class_list":{"0":"post-15340","1":"product","2":"type-product","3":"status-publish","4":"has-post-thumbnail","6":"product_cat-gucci-shorts","8":"first","9":"outofstock","10":"shipping-taxable","11":"purchasable","12":"product-type-simple"},"_links":{"self":[{"href":"https:\/\/theallbest.com\/en\/wp-json\/wp\/v2\/product\/15340","targetHints":{"allow":["GET"]}}],"collection":[{"href":"https:\/\/theallbest.com\/en\/wp-json\/wp\/v2\/product"}],"about":[{"href":"https:\/\/theallbest.com\/en\/wp-json\/wp\/v2\/types\/product"}],"replies":[{"embeddable":true,"href":"https:\/\/theallbest.com\/en\/wp-json\/wp\/v2\/comments?post=15340"}],"wp:featuredmedia":[{"embeddable":true,"href":"https:\/\/theallbest.com\/en\/wp-json\/"}],"wp:attachment":[{"href":"https:\/\/theallbest.com\/en\/wp-json\/wp\/v2\/media?parent=15340"}],"wp:term":[{"taxonomy":"product_brand","embeddable":true,"href":"https:\/\/theallbest.com\/en\/wp-json\/wp\/v2\/product_brand?post=15340"},{"taxonomy":"product_cat","embeddable":true,"href":"https:\/\/theallbest.com\/en\/wp-json\/wp\/v2\/product_cat?post=15340"},{"taxonomy":"product_tag","embeddable":true,"href":"https:\/\/theallbest.com\/en\/wp-json\/wp\/v2\/product_tag?post=15340"}],"curies":[{"name":"wp","href":"https:\/\/api.w.org\/{rel}","templated":true}]}}