{"id":15329,"date":"2025-12-08T14:40:27","date_gmt":"2025-12-08T14:40:27","guid":{"rendered":"https:\/\/seashell-dinosaur-178689.hostingersite.com\/product\/gc-jeans-13\/"},"modified":"2026-04-11T03:15:24","modified_gmt":"2026-04-11T03:15:24","slug":"gc-jeans-13","status":"publish","type":"product","link":"https:\/\/theallbest.com\/en\/product\/gc-jeans-13\/","title":{"rendered":"GC jeans"},"content":{"rendered":"<p>I pantaloni Gucci rappresentano l&#8217;essenza del lusso italiano, unendo design sofisticato e funzionalit\u00e0 in un unico capo. Realizzati con materiali di alta qualit\u00e0, questi pantaloni offrono una vestibilit\u00e0 perfetta e un comfort superiore, rendendoli ideali per ogni occasione, dal look quotidiano a quello pi\u00f9 formale.<br \/>\nI design dei pantaloni Gucci variano da modelli sartoriali eleganti, adatti per l&#8217;ufficio o eventi formali, a opzioni pi\u00f9 casual e rilassate, perfette per il tempo libero. Ogni paio di pantaloni \u00e8 curato nei minimi dettagli, con elementi distintivi come il logo GG, pattern iconici e dettagli raffinati che riflettono la tradizione artigianale del marchio.<br \/>\nGucci, fondato nel 1921, \u00e8 celebre per la sua capacit\u00e0 di combinare tradizione e innovazione, e i pantaloni non fanno eccezione. Indossare un paio di pantaloni Gucci significa scegliere un capo che aggiunge un tocco di raffinatezza a qualsiasi outfit, garantendo sempre uno stile impeccabile e senza tempo. Scegliere Gucci \u00e8 un\u2019affermazione di gusto e qualit\u00e0, perfetto per chi desidera il meglio della moda italiana.<\/p>","protected":false},"excerpt":{"rendered":"<p>I pantaloni Gucci rappresentano l&#8217;essenza del lusso italiano, unendo design sofisticato e funzionalit\u00e0 in un unico capo. Realizzati con materiali di alta qualit\u00e0, questi pantaloni offrono una vestibilit\u00e0 perfetta e un comfort superiore, rendendoli ideali per ogni occasione, dal look quotidiano a quello pi\u00f9 formale. I design dei pantaloni Gucci variano da modelli sartoriali eleganti, [&#8230;]","protected":false},"featured_media":999980000000153290,"comment_status":"open","ping_status":"closed","template":"","meta":[],"product_brand":[],"product_cat":[229],"product_tag":[],"class_list":{"0":"post-15329","1":"product","2":"type-product","3":"status-publish","4":"has-post-thumbnail","6":"product_cat-gucci-pants","8":"first","9":"outofstock","10":"shipping-taxable","11":"purchasable","12":"product-type-simple"},"_links":{"self":[{"href":"https:\/\/theallbest.com\/en\/wp-json\/wp\/v2\/product\/15329","targetHints":{"allow":["GET"]}}],"collection":[{"href":"https:\/\/theallbest.com\/en\/wp-json\/wp\/v2\/product"}],"about":[{"href":"https:\/\/theallbest.com\/en\/wp-json\/wp\/v2\/types\/product"}],"replies":[{"embeddable":true,"href":"https:\/\/theallbest.com\/en\/wp-json\/wp\/v2\/comments?post=15329"}],"wp:featuredmedia":[{"embeddable":true,"href":"https:\/\/theallbest.com\/en\/wp-json\/"}],"wp:attachment":[{"href":"https:\/\/theallbest.com\/en\/wp-json\/wp\/v2\/media?parent=15329"}],"wp:term":[{"taxonomy":"product_brand","embeddable":true,"href":"https:\/\/theallbest.com\/en\/wp-json\/wp\/v2\/product_brand?post=15329"},{"taxonomy":"product_cat","embeddable":true,"href":"https:\/\/theallbest.com\/en\/wp-json\/wp\/v2\/product_cat?post=15329"},{"taxonomy":"product_tag","embeddable":true,"href":"https:\/\/theallbest.com\/en\/wp-json\/wp\/v2\/product_tag?post=15329"}],"curies":[{"name":"wp","href":"https:\/\/api.w.org\/{rel}","templated":true}]}}