{"id":15193,"date":"2025-12-08T14:31:13","date_gmt":"2025-12-08T14:31:13","guid":{"rendered":"https:\/\/seashell-dinosaur-178689.hostingersite.com\/product\/gc-puffer-3\/"},"modified":"2026-03-16T04:47:41","modified_gmt":"2026-03-16T04:47:41","slug":"gc-puffer-3","status":"publish","type":"product","link":"https:\/\/theallbest.com\/en\/product\/gc-puffer-3\/","title":{"rendered":"GC puffer"},"content":{"rendered":"<p>Le giacche Gucci incarnano l&#8217;eleganza e la qualit\u00e0 per cui il marchio \u00e8 rinomato, offrendo un perfetto equilibrio tra stile classico e innovazione contemporanea. Realizzate con materiali di alta qualit\u00e0, queste giacche sono progettate per garantire una vestibilit\u00e0 impeccabile e un comfort duraturo. I design delle giacche Gucci spaziano dalle silhouette sartoriali, ideali per un look formale, a modelli pi\u00f9 casual e sportivi, arricchiti da dettagli distintivi come il logo GG, ricami complessi e stampe iconiche.<br \/>\nOgni giacca \u00e8 curata nei minimi dettagli, riflettendo l&#8217;artigianalit\u00e0 italiana che \u00e8 il cuore del brand. Gucci, con una storia che risale al 1921, \u00e8 celebre per la sua capacit\u00e0 di rinnovarsi continuamente, mescolando tradizione e modernit\u00e0. Le giacche Gucci sono ideali per chi cerca un capo che non solo completi un outfit, ma che lo esalti, conferendo un tocco di lusso e raffinatezza. Indossare una giacca Gucci significa fare una dichiarazione di stile, abbracciando l&#8217;eccellenza e il design distintivo che il marchio rappresenta.<\/p>","protected":false},"excerpt":{"rendered":"<p>Le giacche Gucci incarnano l&#8217;eleganza e la qualit\u00e0 per cui il marchio \u00e8 rinomato, offrendo un perfetto equilibrio tra stile classico e innovazione contemporanea. Realizzate con materiali di alta qualit\u00e0, queste giacche sono progettate per garantire una vestibilit\u00e0 impeccabile e un comfort duraturo. I design delle giacche Gucci spaziano dalle silhouette sartoriali, ideali per un [&#8230;]","protected":false},"featured_media":999980000000151930,"comment_status":"open","ping_status":"closed","template":"","meta":[],"product_brand":[],"product_cat":[228],"product_tag":[],"class_list":{"0":"post-15193","1":"product","2":"type-product","3":"status-publish","4":"has-post-thumbnail","6":"product_cat-gucci-jacket","8":"first","9":"outofstock","10":"shipping-taxable","11":"purchasable","12":"product-type-simple"},"_links":{"self":[{"href":"https:\/\/theallbest.com\/en\/wp-json\/wp\/v2\/product\/15193","targetHints":{"allow":["GET"]}}],"collection":[{"href":"https:\/\/theallbest.com\/en\/wp-json\/wp\/v2\/product"}],"about":[{"href":"https:\/\/theallbest.com\/en\/wp-json\/wp\/v2\/types\/product"}],"replies":[{"embeddable":true,"href":"https:\/\/theallbest.com\/en\/wp-json\/wp\/v2\/comments?post=15193"}],"wp:featuredmedia":[{"embeddable":true,"href":"https:\/\/theallbest.com\/en\/wp-json\/"}],"wp:attachment":[{"href":"https:\/\/theallbest.com\/en\/wp-json\/wp\/v2\/media?parent=15193"}],"wp:term":[{"taxonomy":"product_brand","embeddable":true,"href":"https:\/\/theallbest.com\/en\/wp-json\/wp\/v2\/product_brand?post=15193"},{"taxonomy":"product_cat","embeddable":true,"href":"https:\/\/theallbest.com\/en\/wp-json\/wp\/v2\/product_cat?post=15193"},{"taxonomy":"product_tag","embeddable":true,"href":"https:\/\/theallbest.com\/en\/wp-json\/wp\/v2\/product_tag?post=15193"}],"curies":[{"name":"wp","href":"https:\/\/api.w.org\/{rel}","templated":true}]}}