{"id":13306,"date":"2025-12-08T09:14:37","date_gmt":"2025-12-08T09:14:37","guid":{"rendered":"https:\/\/seashell-dinosaur-178689.hostingersite.com\/product\/bbr-hoodies-11\/"},"modified":"2026-03-13T01:05:22","modified_gmt":"2026-03-13T01:05:22","slug":"bbr-hoodies-11","status":"publish","type":"product","link":"https:\/\/theallbest.com\/en\/product\/bbr-hoodies-11\/","title":{"rendered":"BBR Hoodies"},"content":{"rendered":"<p>Le hoodies Burberry combinano lo stile britannico classico con elementi moderni, offrendo un capo streetwear di lusso che fonde eleganza e praticit\u00e0. Realizzate con materiali di alta qualit\u00e0 come cotone e misti tecnici, queste felpe con cappuccio sono progettate per offrire comfort e durabilit\u00e0, ideali per chi desidera un look casual ma sofisticato. I dettagli iconici, come il classico tartan Burberry applicato sul cappuccio o sui bordi, e il logo ricamato o stampato, aggiungono un tocco distintivo che riflette l&#8217;identit\u00e0 storica del marchio.<br \/>\nLe hoodies Burberry sono disponibili in una vasta gamma di colori e design, da modelli minimalisti con piccole decorazioni del logo, a versioni pi\u00f9 elaborate con grafiche e stampe che richiamano l&#8217;heritage del brand. Questi capi sono perfetti per essere abbinati a jeans o pantaloni sportivi, offrendo uno stile versatile adatto sia a contesti casual che pi\u00f9 urbani.<br \/>\nIndossare una hoodie Burberry significa scegliere un capo che unisce il lusso del marchio con un look contemporaneo, ideale per chi desidera aggiungere un tocco raffinato al proprio abbigliamento quotidiano.<\/p>","protected":false},"excerpt":{"rendered":"<p>Le hoodies Burberry combinano lo stile britannico classico con elementi moderni, offrendo un capo streetwear di lusso che fonde eleganza e praticit\u00e0. Realizzate con materiali di alta qualit\u00e0 come cotone e misti tecnici, queste felpe con cappuccio sono progettate per offrire comfort e durabilit\u00e0, ideali per chi desidera un look casual ma sofisticato. I dettagli [&#8230;]","protected":false},"featured_media":999980000000133060,"comment_status":"open","ping_status":"closed","template":"","meta":[],"product_brand":[],"product_cat":[177],"product_tag":[],"class_list":{"0":"post-13306","1":"product","2":"type-product","3":"status-publish","4":"has-post-thumbnail","6":"product_cat-burberry-hoodies","8":"first","9":"outofstock","10":"shipping-taxable","11":"purchasable","12":"product-type-simple"},"_links":{"self":[{"href":"https:\/\/theallbest.com\/en\/wp-json\/wp\/v2\/product\/13306","targetHints":{"allow":["GET"]}}],"collection":[{"href":"https:\/\/theallbest.com\/en\/wp-json\/wp\/v2\/product"}],"about":[{"href":"https:\/\/theallbest.com\/en\/wp-json\/wp\/v2\/types\/product"}],"replies":[{"embeddable":true,"href":"https:\/\/theallbest.com\/en\/wp-json\/wp\/v2\/comments?post=13306"}],"wp:featuredmedia":[{"embeddable":true,"href":"https:\/\/theallbest.com\/en\/wp-json\/"}],"wp:attachment":[{"href":"https:\/\/theallbest.com\/en\/wp-json\/wp\/v2\/media?parent=13306"}],"wp:term":[{"taxonomy":"product_brand","embeddable":true,"href":"https:\/\/theallbest.com\/en\/wp-json\/wp\/v2\/product_brand?post=13306"},{"taxonomy":"product_cat","embeddable":true,"href":"https:\/\/theallbest.com\/en\/wp-json\/wp\/v2\/product_cat?post=13306"},{"taxonomy":"product_tag","embeddable":true,"href":"https:\/\/theallbest.com\/en\/wp-json\/wp\/v2\/product_tag?post=13306"}],"curies":[{"name":"wp","href":"https:\/\/api.w.org\/{rel}","templated":true}]}}