{"id":13284,"date":"2025-12-08T09:13:28","date_gmt":"2025-12-08T09:13:28","guid":{"rendered":"https:\/\/seashell-dinosaur-178689.hostingersite.com\/product\/bbr-gilet-3\/"},"modified":"2026-04-07T03:14:32","modified_gmt":"2026-04-07T03:14:32","slug":"bbr-gilet-3","status":"publish","type":"product","link":"https:\/\/theallbest.com\/en\/product\/bbr-gilet-3\/","title":{"rendered":"BBR Gilet"},"content":{"rendered":"<p>Gli smanicati Burberry combinano il lusso classico britannico con un design moderno e funzionale, perfetti per chi cerca un capo versatile da indossare in qualsiasi stagione. Realizzati con materiali di alta qualit\u00e0, come nylon, cotone trapuntato o misti tecnici, questi gilet offrono un&#8217;ottima protezione contro il freddo leggero, garantendo comunque libert\u00e0 di movimento. Sono ideali come strato intermedio durante i mesi pi\u00f9 freddi o da indossare da soli in primavera e autunno.<br \/>\nSpesso caratterizzati da dettagli iconici, come il famoso tartan Burberry applicato all&#8217;interno del collo o lungo i bordi, o con discreti loghi ricamati, gli smanicati Burberry aggiungono un tocco di raffinatezza a qualsiasi outfit. I modelli pi\u00f9 classici includono gilet trapuntati, mentre le versioni pi\u00f9 moderne presentano finiture lucide, zip di alta qualit\u00e0 e tasche funzionali.<br \/>\nIndossare uno smanicato Burberry significa scegliere uno stile che unisce praticit\u00e0 e raffinatezza, ideale sia per l&#8217;abbigliamento casual che per un look pi\u00f9 sofisticato e stratificato. Perfetti da abbinare a maglioni, camicie o felpe, questi capi sono un\u2019aggiunta versatile al guardaroba di chiunque apprezzi il design senza tempo.<\/p>","protected":false},"excerpt":{"rendered":"<p>Gli smanicati Burberry combinano il lusso classico britannico con un design moderno e funzionale, perfetti per chi cerca un capo versatile da indossare in qualsiasi stagione. Realizzati con materiali di alta qualit\u00e0, come nylon, cotone trapuntato o misti tecnici, questi gilet offrono un&#8217;ottima protezione contro il freddo leggero, garantendo comunque libert\u00e0 di movimento. Sono ideali [&#8230;]","protected":false},"featured_media":999980000000132840,"comment_status":"open","ping_status":"closed","template":"","meta":[],"product_brand":[],"product_cat":[177],"product_tag":[],"class_list":{"0":"post-13284","1":"product","2":"type-product","3":"status-publish","4":"has-post-thumbnail","6":"product_cat-burberry-hoodies","8":"first","9":"outofstock","10":"shipping-taxable","11":"purchasable","12":"product-type-simple"},"_links":{"self":[{"href":"https:\/\/theallbest.com\/en\/wp-json\/wp\/v2\/product\/13284","targetHints":{"allow":["GET"]}}],"collection":[{"href":"https:\/\/theallbest.com\/en\/wp-json\/wp\/v2\/product"}],"about":[{"href":"https:\/\/theallbest.com\/en\/wp-json\/wp\/v2\/types\/product"}],"replies":[{"embeddable":true,"href":"https:\/\/theallbest.com\/en\/wp-json\/wp\/v2\/comments?post=13284"}],"wp:featuredmedia":[{"embeddable":true,"href":"https:\/\/theallbest.com\/en\/wp-json\/"}],"wp:attachment":[{"href":"https:\/\/theallbest.com\/en\/wp-json\/wp\/v2\/media?parent=13284"}],"wp:term":[{"taxonomy":"product_brand","embeddable":true,"href":"https:\/\/theallbest.com\/en\/wp-json\/wp\/v2\/product_brand?post=13284"},{"taxonomy":"product_cat","embeddable":true,"href":"https:\/\/theallbest.com\/en\/wp-json\/wp\/v2\/product_cat?post=13284"},{"taxonomy":"product_tag","embeddable":true,"href":"https:\/\/theallbest.com\/en\/wp-json\/wp\/v2\/product_tag?post=13284"}],"curies":[{"name":"wp","href":"https:\/\/api.w.org\/{rel}","templated":true}]}}