{"id":13219,"date":"2025-12-06T19:04:05","date_gmt":"2025-12-06T19:04:05","guid":{"rendered":"https:\/\/seashell-dinosaur-178689.hostingersite.com\/product\/dior-shorts\/"},"modified":"2026-03-13T00:07:33","modified_gmt":"2026-03-13T00:07:33","slug":"dior-shorts","status":"publish","type":"product","link":"https:\/\/theallbest.com\/en\/product\/dior-shorts\/","title":{"rendered":"DIOR shorts"},"content":{"rendered":"<p>Gli shorts Dior rappresentano l&#8217;equilibrio perfetto tra eleganza e comfort, incarnando l&#8217;artigianalit\u00e0 e il design sofisticato per cui il brand \u00e8 rinomato. Realizzati con materiali di alta qualit\u00e0 come cotone, lino e tessuti tecnici, questi shorts offrono una vestibilit\u00e0 impeccabile e un comfort elevato, ideali per le stagioni pi\u00f9 calde o per un look casual ma raffinato.<br \/>\nDisponibili in una variet\u00e0 di stili, dai modelli sartoriali che offrono un aspetto pi\u00f9 formale ai modelli sportivi e casual, gli shorts Dior sono pensati per essere versatili e facili da abbinare a qualsiasi outfit. Dettagli distintivi come il logo Dior ricamato, la scelta di tessuti pregiati e le finiture curate riflettono l&#8217;impegno del brand per la qualit\u00e0 e l&#8217;eleganza.<br \/>\nPerfetti per essere indossati sia in contesti casual che in occasioni pi\u00f9 eleganti, gli shorts Dior sono un must-have per chi desidera unire stile e funzionalit\u00e0 in un unico capo. Scegliere un paio di shorts Dior significa optare per un look sofisticato e moderno, che rappresenta al meglio l&#8217;eccellenza della moda francese<\/p>","protected":false},"excerpt":{"rendered":"<p>Gli shorts Dior rappresentano l&#8217;equilibrio perfetto tra eleganza e comfort, incarnando l&#8217;artigianalit\u00e0 e il design sofisticato per cui il brand \u00e8 rinomato. Realizzati con materiali di alta qualit\u00e0 come cotone, lino e tessuti tecnici, questi shorts offrono una vestibilit\u00e0 impeccabile e un comfort elevato, ideali per le stagioni pi\u00f9 calde o per un look casual [&#8230;]","protected":false},"featured_media":999980000000132190,"comment_status":"open","ping_status":"closed","template":"","meta":[],"product_brand":[],"product_cat":[171],"product_tag":[],"class_list":{"0":"post-13219","1":"product","2":"type-product","3":"status-publish","4":"has-post-thumbnail","6":"product_cat-dior-shorts","8":"first","9":"outofstock","10":"shipping-taxable","11":"purchasable","12":"product-type-simple"},"_links":{"self":[{"href":"https:\/\/theallbest.com\/en\/wp-json\/wp\/v2\/product\/13219","targetHints":{"allow":["GET"]}}],"collection":[{"href":"https:\/\/theallbest.com\/en\/wp-json\/wp\/v2\/product"}],"about":[{"href":"https:\/\/theallbest.com\/en\/wp-json\/wp\/v2\/types\/product"}],"replies":[{"embeddable":true,"href":"https:\/\/theallbest.com\/en\/wp-json\/wp\/v2\/comments?post=13219"}],"wp:featuredmedia":[{"embeddable":true,"href":"https:\/\/theallbest.com\/en\/wp-json\/"}],"wp:attachment":[{"href":"https:\/\/theallbest.com\/en\/wp-json\/wp\/v2\/media?parent=13219"}],"wp:term":[{"taxonomy":"product_brand","embeddable":true,"href":"https:\/\/theallbest.com\/en\/wp-json\/wp\/v2\/product_brand?post=13219"},{"taxonomy":"product_cat","embeddable":true,"href":"https:\/\/theallbest.com\/en\/wp-json\/wp\/v2\/product_cat?post=13219"},{"taxonomy":"product_tag","embeddable":true,"href":"https:\/\/theallbest.com\/en\/wp-json\/wp\/v2\/product_tag?post=13219"}],"curies":[{"name":"wp","href":"https:\/\/api.w.org\/{rel}","templated":true}]}}