{"id":12879,"date":"2025-12-06T18:22:29","date_gmt":"2025-12-06T18:22:29","guid":{"rendered":"https:\/\/seashell-dinosaur-178689.hostingersite.com\/product\/dr-jacket-12\/"},"modified":"2026-04-06T04:16:15","modified_gmt":"2026-04-06T04:16:15","slug":"dr-jacket-12","status":"publish","type":"product","link":"https:\/\/theallbest.com\/en\/product\/dr-jacket-12\/","title":{"rendered":"DR Jacket"},"content":{"rendered":"<p>Le giacche Dior rappresentano il massimo dell&#8217;eleganza e della raffinatezza, incarnando la maestria sartoriale che \u00e8 sinonimo del brand. Questi capi sono realizzati con materiali pregiati come lana, cashmere, seta e cotone di alta qualit\u00e0, garantendo non solo una vestibilit\u00e0 impeccabile ma anche un comfort eccezionale.<br \/>\nLa collezione di giacche Dior include una variet\u00e0 di stili, dai blazer strutturati, perfetti per un look formale o professionale, alle giacche bomber e giacche a vento che offrono un tocco di modernit\u00e0 e sono ideali per un outfit pi\u00f9 casual. Ogni giacca \u00e8 curata nei minimi dettagli, con finiture di alta qualit\u00e0, bottoni personalizzati e fodere raffinate che riflettono l&#8217;artigianalit\u00e0 e l&#8217;attenzione al design che caratterizzano la maison.<br \/>\nAlcuni modelli presentano dettagli iconici come il logo Dior ricamato o goffrato, mentre altri giocano con elementi grafici o texture innovative che reinterpretano i codici classici del brand in chiave moderna. Queste giacche sono pensate per essere versatili, perfette per ogni occasione, dall&#8217;ufficio a eventi serali, e rappresentano un investimento in stile e qualit\u00e0.<br \/>\n\u00a0<br \/>\nIndossare una giacca Dior significa scegliere un capo che non solo completa il tuo guardaroba con eleganza, ma che esprime anche un senso di lusso discreto e senza tempo. Perfette per chi cerca un capo che unisca tradizione e innovazione, le giacche Dior sono un simbolo di stile inconfondibile.<\/p>","protected":false},"excerpt":{"rendered":"<p>Le giacche Dior rappresentano il massimo dell&#8217;eleganza e della raffinatezza, incarnando la maestria sartoriale che \u00e8 sinonimo del brand. Questi capi sono realizzati con materiali pregiati come lana, cashmere, seta e cotone di alta qualit\u00e0, garantendo non solo una vestibilit\u00e0 impeccabile ma anche un comfort eccezionale. La collezione di giacche Dior include una variet\u00e0 di [&#8230;]","protected":false},"featured_media":999980000000128790,"comment_status":"open","ping_status":"closed","template":"","meta":[],"product_brand":[],"product_cat":[166],"product_tag":[],"class_list":{"0":"post-12879","1":"product","2":"type-product","3":"status-publish","4":"has-post-thumbnail","6":"product_cat-dior-jacket","8":"first","9":"outofstock","10":"shipping-taxable","11":"purchasable","12":"product-type-simple"},"_links":{"self":[{"href":"https:\/\/theallbest.com\/en\/wp-json\/wp\/v2\/product\/12879","targetHints":{"allow":["GET"]}}],"collection":[{"href":"https:\/\/theallbest.com\/en\/wp-json\/wp\/v2\/product"}],"about":[{"href":"https:\/\/theallbest.com\/en\/wp-json\/wp\/v2\/types\/product"}],"replies":[{"embeddable":true,"href":"https:\/\/theallbest.com\/en\/wp-json\/wp\/v2\/comments?post=12879"}],"wp:featuredmedia":[{"embeddable":true,"href":"https:\/\/theallbest.com\/en\/wp-json\/"}],"wp:attachment":[{"href":"https:\/\/theallbest.com\/en\/wp-json\/wp\/v2\/media?parent=12879"}],"wp:term":[{"taxonomy":"product_brand","embeddable":true,"href":"https:\/\/theallbest.com\/en\/wp-json\/wp\/v2\/product_brand?post=12879"},{"taxonomy":"product_cat","embeddable":true,"href":"https:\/\/theallbest.com\/en\/wp-json\/wp\/v2\/product_cat?post=12879"},{"taxonomy":"product_tag","embeddable":true,"href":"https:\/\/theallbest.com\/en\/wp-json\/wp\/v2\/product_tag?post=12879"}],"curies":[{"name":"wp","href":"https:\/\/api.w.org\/{rel}","templated":true}]}}