{"id":12779,"date":"2025-12-06T18:03:19","date_gmt":"2025-12-06T18:03:19","guid":{"rendered":"https:\/\/seashell-dinosaur-178689.hostingersite.com\/product\/mon-pants\/"},"modified":"2026-03-12T01:05:01","modified_gmt":"2026-03-12T01:05:01","slug":"mon-pants","status":"publish","type":"product","link":"https:\/\/theallbest.com\/en\/product\/mon-pants\/","title":{"rendered":"Mon pants"},"content":{"rendered":"<p>I pantaloni Moncler sono un esempio di come il brand riesca a coniugare lusso, funzionalit\u00e0 e prestazioni tecniche. Concepiti per offrire il massimo comfort e protezione, i pantaloni Moncler sono realizzati con materiali di alta qualit\u00e0, come nylon resistente, tessuti impermeabili e lana tecnica, garantendo una vestibilit\u00e0 impeccabile. Ideali sia per il tempo libero che per attivit\u00e0 sportive all\u2019aperto, questi pantaloni sono progettati per resistere alle condizioni pi\u00f9 rigide, senza mai rinunciare allo stile.<br \/>\nMoncler, nato nel 1952 nelle Alpi francesi, inizialmente produceva attrezzature per spedizioni e montagna. \u00c8 proprio da questa eredit\u00e0 che i pantaloni Moncler traggono ispirazione: pensati per offrire comfort anche nelle situazioni climatiche pi\u00f9 avverse, ma con un tocco di eleganza urbana. Il logo del brand, ispirato al villaggio di Monestier-de-Clermont, \u00e8 oggi sinonimo di qualit\u00e0 e moda di alta gamma.<br \/>\nOgni modello \u00e8 caratterizzato da dettagli distintivi, come tasche funzionali, cinture elasticizzate e il classico logo Moncler, rendendo questi pantaloni perfetti sia per l&#8217;uso quotidiano che per le avventure outdoor. Scegliere un paio di pantaloni Moncler significa abbracciare uno stile che unisce tecnicit\u00e0 e lusso, una combinazione che ha reso il marchio un\u2019icona della moda internazionale.<\/p>","protected":false},"excerpt":{"rendered":"<p>I pantaloni Moncler sono un esempio di come il brand riesca a coniugare lusso, funzionalit\u00e0 e prestazioni tecniche. Concepiti per offrire il massimo comfort e protezione, i pantaloni Moncler sono realizzati con materiali di alta qualit\u00e0, come nylon resistente, tessuti impermeabili e lana tecnica, garantendo una vestibilit\u00e0 impeccabile. Ideali sia per il tempo libero che [&#8230;]","protected":false},"featured_media":999980000000127790,"comment_status":"open","ping_status":"closed","template":"","meta":[],"product_brand":[],"product_cat":[160],"product_tag":[],"class_list":{"0":"post-12779","1":"product","2":"type-product","3":"status-publish","4":"has-post-thumbnail","6":"product_cat-moncler-pants","8":"first","9":"outofstock","10":"shipping-taxable","11":"purchasable","12":"product-type-simple"},"_links":{"self":[{"href":"https:\/\/theallbest.com\/en\/wp-json\/wp\/v2\/product\/12779","targetHints":{"allow":["GET"]}}],"collection":[{"href":"https:\/\/theallbest.com\/en\/wp-json\/wp\/v2\/product"}],"about":[{"href":"https:\/\/theallbest.com\/en\/wp-json\/wp\/v2\/types\/product"}],"replies":[{"embeddable":true,"href":"https:\/\/theallbest.com\/en\/wp-json\/wp\/v2\/comments?post=12779"}],"wp:featuredmedia":[{"embeddable":true,"href":"https:\/\/theallbest.com\/en\/wp-json\/"}],"wp:attachment":[{"href":"https:\/\/theallbest.com\/en\/wp-json\/wp\/v2\/media?parent=12779"}],"wp:term":[{"taxonomy":"product_brand","embeddable":true,"href":"https:\/\/theallbest.com\/en\/wp-json\/wp\/v2\/product_brand?post=12779"},{"taxonomy":"product_cat","embeddable":true,"href":"https:\/\/theallbest.com\/en\/wp-json\/wp\/v2\/product_cat?post=12779"},{"taxonomy":"product_tag","embeddable":true,"href":"https:\/\/theallbest.com\/en\/wp-json\/wp\/v2\/product_tag?post=12779"}],"curies":[{"name":"wp","href":"https:\/\/api.w.org\/{rel}","templated":true}]}}