{"id":12712,"date":"2025-12-06T17:54:49","date_gmt":"2025-12-06T17:54:49","guid":{"rendered":"https:\/\/seashell-dinosaur-178689.hostingersite.com\/product\/mon-t-shirt-dripshop-2\/"},"modified":"2026-04-06T02:58:41","modified_gmt":"2026-04-06T02:58:41","slug":"mon-t-shirt-theallbest-2","status":"publish","type":"product","link":"https:\/\/theallbest.com\/en\/product\/mon-t-shirt-theallbest-2\/","title":{"rendered":"Mon T-shirt &#8211; Theallbest"},"content":{"rendered":"<p>Le t-shirt Moncler incarnano lo stile raffinato e sportivo del marchio, che unisce lusso e praticit\u00e0 in un capo casual ma elegante. Realizzate in cotone di alta qualit\u00e0, le t-shirt Moncler offrono una vestibilit\u00e0 morbida e confortevole, perfetta per un look rilassato senza rinunciare alla cura dei dettagli. Queste magliette sono spesso caratterizzate da elementi<\/p>","protected":false},"excerpt":{"rendered":"<p>Le t-shirt Moncler incarnano lo stile raffinato e sportivo del marchio, che unisce lusso e praticit\u00e0 in un capo casual ma elegante. Realizzate in cotone di alta qualit\u00e0, le t-shirt Moncler offrono una vestibilit\u00e0 morbida e confortevole, perfetta per un look rilassato senza rinunciare alla cura dei dettagli. Queste magliette sono spesso caratterizzate da elementi<\/p>","protected":false},"featured_media":999980000000127120,"comment_status":"open","ping_status":"closed","template":"","meta":[],"product_brand":[],"product_cat":[159],"product_tag":[],"class_list":{"0":"post-12712","1":"product","2":"type-product","3":"status-publish","4":"has-post-thumbnail","6":"product_cat-moncler-t-shirt","8":"first","9":"outofstock","10":"shipping-taxable","11":"purchasable","12":"product-type-simple"},"_links":{"self":[{"href":"https:\/\/theallbest.com\/en\/wp-json\/wp\/v2\/product\/12712","targetHints":{"allow":["GET"]}}],"collection":[{"href":"https:\/\/theallbest.com\/en\/wp-json\/wp\/v2\/product"}],"about":[{"href":"https:\/\/theallbest.com\/en\/wp-json\/wp\/v2\/types\/product"}],"replies":[{"embeddable":true,"href":"https:\/\/theallbest.com\/en\/wp-json\/wp\/v2\/comments?post=12712"}],"wp:featuredmedia":[{"embeddable":true,"href":"https:\/\/theallbest.com\/en\/wp-json\/"}],"wp:attachment":[{"href":"https:\/\/theallbest.com\/en\/wp-json\/wp\/v2\/media?parent=12712"}],"wp:term":[{"taxonomy":"product_brand","embeddable":true,"href":"https:\/\/theallbest.com\/en\/wp-json\/wp\/v2\/product_brand?post=12712"},{"taxonomy":"product_cat","embeddable":true,"href":"https:\/\/theallbest.com\/en\/wp-json\/wp\/v2\/product_cat?post=12712"},{"taxonomy":"product_tag","embeddable":true,"href":"https:\/\/theallbest.com\/en\/wp-json\/wp\/v2\/product_tag?post=12712"}],"curies":[{"name":"wp","href":"https:\/\/api.w.org\/{rel}","templated":true}]}}