{"id":12496,"date":"2025-12-06T17:33:17","date_gmt":"2025-12-06T17:33:17","guid":{"rendered":"https:\/\/seashell-dinosaur-178689.hostingersite.com\/product\/mon-gilet-4\/"},"modified":"2026-04-06T00:49:43","modified_gmt":"2026-04-06T00:49:43","slug":"mon-gilet-4","status":"publish","type":"product","link":"https:\/\/theallbest.com\/en\/product\/mon-gilet-4\/","title":{"rendered":"Mon Gilet"},"content":{"rendered":"<p>I smanicati Moncler, o gilet, sono tra i capi pi\u00f9 iconici e riconoscibili del brand, noti per la loro capacit\u00e0 di combinare stile, comfort e performance tecnica. Realizzati con materiali di altissima qualit\u00e0, come il nylon imbottito con piumino d&#8217;oca, questi gilet offrono un isolamento termico eccellente pur mantenendo una struttura leggera e versatile. Perfetti per essere indossati da soli o sopra altri strati, gli smanicati Moncler sono ideali per affrontare le mezze stagioni o per aggiungere un tocco di eleganza a un look casual.<br \/>\nMoncler, nato nel 1952 nelle Alpi francesi, inizialmente progettava capi destinati alle spedizioni montane, e questa eredit\u00e0 di prestazioni e protezione si riflette ancora oggi nei loro smanicati. Il famoso logo Moncler, ispirato al villaggio di Monestier-de-Clermont, \u00e8 spesso visibile su questi capi, aggiungendo un tocco di lusso a un design funzionale. Le trapuntature regolari e la chiusura con zip di alta qualit\u00e0 sono altre caratteristiche che rendono questi gilet cos\u00ec apprezzati.<br \/>\nPerfetti per chi cerca una soluzione elegante per rimanere al caldo senza il peso di una giacca, gli smanicati Moncler si adattano facilmente a vari contesti, dal trekking urbano alle passeggiate all&#8217;aperto. Indossare un gilet Moncler significa abbracciare una storia di eccellenza, innovazione e stile, che ha trasformato il brand da produttore di abbigliamento da montagna a un\u2019icona di moda globale.<\/p>","protected":false},"excerpt":{"rendered":"<p>I smanicati Moncler, o gilet, sono tra i capi pi\u00f9 iconici e riconoscibili del brand, noti per la loro capacit\u00e0 di combinare stile, comfort e performance tecnica. Realizzati con materiali di altissima qualit\u00e0, come il nylon imbottito con piumino d&#8217;oca, questi gilet offrono un isolamento termico eccellente pur mantenendo una struttura leggera e versatile. Perfetti [&#8230;]","protected":false},"featured_media":999980000000124960,"comment_status":"open","ping_status":"closed","template":"","meta":[],"product_brand":[],"product_cat":[157],"product_tag":[],"class_list":{"0":"post-12496","1":"product","2":"type-product","3":"status-publish","4":"has-post-thumbnail","6":"product_cat-moncler-gilet","8":"first","9":"outofstock","10":"shipping-taxable","11":"purchasable","12":"product-type-simple"},"_links":{"self":[{"href":"https:\/\/theallbest.com\/en\/wp-json\/wp\/v2\/product\/12496","targetHints":{"allow":["GET"]}}],"collection":[{"href":"https:\/\/theallbest.com\/en\/wp-json\/wp\/v2\/product"}],"about":[{"href":"https:\/\/theallbest.com\/en\/wp-json\/wp\/v2\/types\/product"}],"replies":[{"embeddable":true,"href":"https:\/\/theallbest.com\/en\/wp-json\/wp\/v2\/comments?post=12496"}],"wp:featuredmedia":[{"embeddable":true,"href":"https:\/\/theallbest.com\/en\/wp-json\/"}],"wp:attachment":[{"href":"https:\/\/theallbest.com\/en\/wp-json\/wp\/v2\/media?parent=12496"}],"wp:term":[{"taxonomy":"product_brand","embeddable":true,"href":"https:\/\/theallbest.com\/en\/wp-json\/wp\/v2\/product_brand?post=12496"},{"taxonomy":"product_cat","embeddable":true,"href":"https:\/\/theallbest.com\/en\/wp-json\/wp\/v2\/product_cat?post=12496"},{"taxonomy":"product_tag","embeddable":true,"href":"https:\/\/theallbest.com\/en\/wp-json\/wp\/v2\/product_tag?post=12496"}],"curies":[{"name":"wp","href":"https:\/\/api.w.org\/{rel}","templated":true}]}}