{"id":12047,"date":"2025-12-06T16:21:23","date_gmt":"2025-12-06T16:21:23","guid":{"rendered":"https:\/\/seashell-dinosaur-178689.hostingersite.com\/product\/company-hoodies-3\/"},"modified":"2026-04-05T01:05:02","modified_gmt":"2026-04-05T01:05:02","slug":"company-hoodies-3","status":"publish","type":"product","link":"https:\/\/theallbest.com\/en\/product\/company-hoodies-3\/","title":{"rendered":"COMPANY Hoodies"},"content":{"rendered":"<p>Le felpe C.P. Company rappresentano perfettamente l&#8217;equilibrio tra innovazione tecnica e stile casual, un marchio distintivo del brand italiano. Realizzate con materiali di alta qualit\u00e0, come cotone e misti tecnici, queste felpe offrono una vestibilit\u00e0 confortevole e funzionale. Con un forte richiamo alla cultura militare e all&#8217;abbigliamento utilitario, le felpe di C.P. Company sono spesso caratterizzate da dettagli iconici come le lenti Goggle, tipiche del brand, inserite nei cappucci o nelle maniche.<br \/>\nLe felpe C.P. Company sono disponibili in una variet\u00e0 di stili, da modelli con cappuccio (hoodie) a quelli pi\u00f9 classici senza cappuccio. Grazie alle tecniche di tintura in capo (garment dyeing), ogni felpa presenta una profondit\u00e0 e una ricchezza di colore uniche, conferendo a ogni capo un carattere distintivo. I dettagli funzionali, come tasche multiple, zip e cuciture rinforzate, riflettono l&#8217;impegno del brand nella creazione di capi che uniscono praticit\u00e0 e design raffinato.<br \/>\nIndossare una felpa C.P. Company significa abbracciare uno stile urbano e contemporaneo, perfetto per chi cerca un look versatile e di tendenza, che non rinuncia alla qualit\u00e0 artigianale e all&#8217;innovazione tecnica. Ideali per essere abbinati a jeans, pantaloni cargo o track pants, queste felpe sono un must-have per chi ama il comfort e lo stile all\u2019avanguardia.<\/p>","protected":false},"excerpt":{"rendered":"<p>Le felpe C.P. Company rappresentano perfettamente l&#8217;equilibrio tra innovazione tecnica e stile casual, un marchio distintivo del brand italiano. Realizzate con materiali di alta qualit\u00e0, come cotone e misti tecnici, queste felpe offrono una vestibilit\u00e0 confortevole e funzionale. Con un forte richiamo alla cultura militare e all&#8217;abbigliamento utilitario, le felpe di C.P. Company sono spesso [&#8230;]","protected":false},"featured_media":999980000000120470,"comment_status":"open","ping_status":"closed","template":"","meta":[],"product_brand":[],"product_cat":[146],"product_tag":[],"class_list":{"0":"post-12047","1":"product","2":"type-product","3":"status-publish","4":"has-post-thumbnail","6":"product_cat-cp-company-hoodies","8":"first","9":"outofstock","10":"shipping-taxable","11":"purchasable","12":"product-type-simple"},"_links":{"self":[{"href":"https:\/\/theallbest.com\/en\/wp-json\/wp\/v2\/product\/12047","targetHints":{"allow":["GET"]}}],"collection":[{"href":"https:\/\/theallbest.com\/en\/wp-json\/wp\/v2\/product"}],"about":[{"href":"https:\/\/theallbest.com\/en\/wp-json\/wp\/v2\/types\/product"}],"replies":[{"embeddable":true,"href":"https:\/\/theallbest.com\/en\/wp-json\/wp\/v2\/comments?post=12047"}],"wp:featuredmedia":[{"embeddable":true,"href":"https:\/\/theallbest.com\/en\/wp-json\/"}],"wp:attachment":[{"href":"https:\/\/theallbest.com\/en\/wp-json\/wp\/v2\/media?parent=12047"}],"wp:term":[{"taxonomy":"product_brand","embeddable":true,"href":"https:\/\/theallbest.com\/en\/wp-json\/wp\/v2\/product_brand?post=12047"},{"taxonomy":"product_cat","embeddable":true,"href":"https:\/\/theallbest.com\/en\/wp-json\/wp\/v2\/product_cat?post=12047"},{"taxonomy":"product_tag","embeddable":true,"href":"https:\/\/theallbest.com\/en\/wp-json\/wp\/v2\/product_tag?post=12047"}],"curies":[{"name":"wp","href":"https:\/\/api.w.org\/{rel}","templated":true}]}}