{"id":11735,"date":"2025-12-06T15:52:45","date_gmt":"2025-12-06T15:52:45","guid":{"rendered":"https:\/\/seashell-dinosaur-178689.hostingersite.com\/product\/mike-hoodies-43\/"},"modified":"2026-04-04T03:05:26","modified_gmt":"2026-04-04T03:05:26","slug":"mike-hoodies-43","status":"publish","type":"product","link":"https:\/\/theallbest.com\/en\/product\/mike-hoodies-43\/","title":{"rendered":"MIKE Hoodies"},"content":{"rendered":"<p>Le felpe Mike Amiri, sia con cappuccio che senza, incarnano lo spirito ribelle e lussuoso che caratterizza il brand, noto per il suo mix di streetwear e influenze rock. Realizzate con materiali di alta qualit\u00e0, come cotone di peso medio o pesante, queste felpe offrono un comfort eccezionale e una vestibilit\u00e0 perfetta. Che si tratti di un design con cappuccio o di una classica felpa senza cappuccio, ogni capo \u00e8 curato nei minimi dettagli, con cuciture precise e rifiniture di pregio.<br \/>\nLe hoodies Amiri sono spesso arricchite da dettagli distintivi come grafiche audaci, loghi stampati e inserti distressati, tipici dello stile rock\u2019n\u2019roll del brand. Alcuni modelli includono tasche a marsupio e cappucci regolabili, ideali per chi cerca uno stile casual ma raffinato. Le felpe senza cappuccio, invece, offrono un design minimalista ma sempre con un tocco distintivo, grazie a stampe grafiche o loghi ricamati che riflettono lo stile unico di Amiri.<br \/>\nIndossare una felpa Mike Amiri significa abbracciare uno stile che unisce il lusso con un&#8217;estetica ribelle e audace, perfetta per chi vuole distinguersi con un look streetwear di alta gamma. Sia le hoodies che le felpe senza cappuccio sono perfette per aggiungere un tocco di esclusivit\u00e0 a un outfit casual o urbano..<\/p>","protected":false},"excerpt":{"rendered":"<p>Le felpe Mike Amiri, sia con cappuccio che senza, incarnano lo spirito ribelle e lussuoso che caratterizza il brand, noto per il suo mix di streetwear e influenze rock. Realizzate con materiali di alta qualit\u00e0, come cotone di peso medio o pesante, queste felpe offrono un comfort eccezionale e una vestibilit\u00e0 perfetta. Che si tratti [&#8230;]","protected":false},"featured_media":999980000000117350,"comment_status":"open","ping_status":"closed","template":"","meta":[],"product_brand":[],"product_cat":[140],"product_tag":[],"class_list":{"0":"post-11735","1":"product","2":"type-product","3":"status-publish","4":"has-post-thumbnail","6":"product_cat-amiri-hoodies","8":"first","9":"outofstock","10":"shipping-taxable","11":"purchasable","12":"product-type-simple"},"_links":{"self":[{"href":"https:\/\/theallbest.com\/en\/wp-json\/wp\/v2\/product\/11735","targetHints":{"allow":["GET"]}}],"collection":[{"href":"https:\/\/theallbest.com\/en\/wp-json\/wp\/v2\/product"}],"about":[{"href":"https:\/\/theallbest.com\/en\/wp-json\/wp\/v2\/types\/product"}],"replies":[{"embeddable":true,"href":"https:\/\/theallbest.com\/en\/wp-json\/wp\/v2\/comments?post=11735"}],"wp:featuredmedia":[{"embeddable":true,"href":"https:\/\/theallbest.com\/en\/wp-json\/"}],"wp:attachment":[{"href":"https:\/\/theallbest.com\/en\/wp-json\/wp\/v2\/media?parent=11735"}],"wp:term":[{"taxonomy":"product_brand","embeddable":true,"href":"https:\/\/theallbest.com\/en\/wp-json\/wp\/v2\/product_brand?post=11735"},{"taxonomy":"product_cat","embeddable":true,"href":"https:\/\/theallbest.com\/en\/wp-json\/wp\/v2\/product_cat?post=11735"},{"taxonomy":"product_tag","embeddable":true,"href":"https:\/\/theallbest.com\/en\/wp-json\/wp\/v2\/product_tag?post=11735"}],"curies":[{"name":"wp","href":"https:\/\/api.w.org\/{rel}","templated":true}]}}