{"id":10816,"date":"2025-12-06T12:01:42","date_gmt":"2025-12-06T12:01:42","guid":{"rendered":"https:\/\/seashell-dinosaur-178689.hostingersite.com\/product\/crtz-tracksuit-10\/"},"modified":"2026-04-03T00:18:26","modified_gmt":"2026-04-03T00:18:26","slug":"crtz-tracksuit-10","status":"publish","type":"product","link":"https:\/\/theallbest.com\/en\/product\/crtz-tracksuit-10\/","title":{"rendered":"CRTZ Tracksuit"},"content":{"rendered":"<p>Le tracksuits Corteiz incarnano l&#8217;essenza dello streetwear contemporaneo, combinando funzionalit\u00e0 e uno stile inconfondibile che riflette l&#8217;identit\u00e0 del brand. Fondate da Clint, le tracksuits Corteiz sono diventate un simbolo di ribellione e individualit\u00e0, grazie al loro design audace e alla forte connessione con la cultura urbana.<br \/>\nRealizzate con materiali di alta qualit\u00e0, queste tute sono progettate per offrire il massimo comfort e durabilit\u00e0, rendendole ideali sia per l&#8217;attivit\u00e0 sportiva che per il tempo libero. Ogni tracksuit \u00e8 caratterizzata da dettagli distintivi come il logo Alcatraz, che rappresenta la libert\u00e0 e l&#8217;autenticit\u00e0, valori fondamentali del brand. Il logo \u00e8 diventato un&#8217;icona nello streetwear, riconoscibile e apprezzato da chi desidera esprimere la propria identit\u00e0 attraverso la moda.<br \/>\nDisponibili in vari colori e stili, le tracksuits Corteiz sono perfette per chi cerca un look coordinato che unisca praticit\u00e0 e stile. Indossare una tracksuit Corteiz significa abbracciare uno stile di vita che celebra la resistenza alle norme convenzionali e l&#8217;espressione individuale. Ideali per chi vuole unire comfort e un\u2019estetica distintiva, queste tracksuits sono un must-have per gli amanti dello streetwear autentico.<\/p>","protected":false},"excerpt":{"rendered":"<p>Le tracksuits Corteiz incarnano l&#8217;essenza dello streetwear contemporaneo, combinando funzionalit\u00e0 e uno stile inconfondibile che riflette l&#8217;identit\u00e0 del brand. Fondate da Clint, le tracksuits Corteiz sono diventate un simbolo di ribellione e individualit\u00e0, grazie al loro design audace e alla forte connessione con la cultura urbana. Realizzate con materiali di alta qualit\u00e0, queste tute sono [&#8230;]","protected":false},"featured_media":10815,"comment_status":"open","ping_status":"closed","template":"","meta":[],"product_brand":[],"product_cat":[122],"product_tag":[],"class_list":{"0":"post-10816","1":"product","2":"type-product","3":"status-publish","4":"has-post-thumbnail","6":"product_cat-corteiz-tracksuit","8":"first","9":"outofstock","10":"shipping-taxable","11":"purchasable","12":"product-type-simple"},"_links":{"self":[{"href":"https:\/\/theallbest.com\/en\/wp-json\/wp\/v2\/product\/10816","targetHints":{"allow":["GET"]}}],"collection":[{"href":"https:\/\/theallbest.com\/en\/wp-json\/wp\/v2\/product"}],"about":[{"href":"https:\/\/theallbest.com\/en\/wp-json\/wp\/v2\/types\/product"}],"replies":[{"embeddable":true,"href":"https:\/\/theallbest.com\/en\/wp-json\/wp\/v2\/comments?post=10816"}],"wp:featuredmedia":[{"embeddable":true,"href":"https:\/\/theallbest.com\/en\/wp-json\/wp\/v2\/media\/10815"}],"wp:attachment":[{"href":"https:\/\/theallbest.com\/en\/wp-json\/wp\/v2\/media?parent=10816"}],"wp:term":[{"taxonomy":"product_brand","embeddable":true,"href":"https:\/\/theallbest.com\/en\/wp-json\/wp\/v2\/product_brand?post=10816"},{"taxonomy":"product_cat","embeddable":true,"href":"https:\/\/theallbest.com\/en\/wp-json\/wp\/v2\/product_cat?post=10816"},{"taxonomy":"product_tag","embeddable":true,"href":"https:\/\/theallbest.com\/en\/wp-json\/wp\/v2\/product_tag?post=10816"}],"curies":[{"name":"wp","href":"https:\/\/api.w.org\/{rel}","templated":true}]}}