{"id":10656,"date":"2025-12-06T11:53:13","date_gmt":"2025-12-06T11:53:13","guid":{"rendered":"https:\/\/seashell-dinosaur-178689.hostingersite.com\/product\/crtz-t-shirt-41\/"},"modified":"2026-04-02T04:36:43","modified_gmt":"2026-04-02T04:36:43","slug":"crtz-t-shirt-41","status":"publish","type":"product","link":"https:\/\/theallbest.com\/en\/product\/crtz-t-shirt-41\/","title":{"rendered":"CRTZ T-shirt"},"content":{"rendered":"<p>Le t-shirt Corteiz incarnano l\u2019essenza dello streetwear britannico contemporaneo, diventando rapidamente un simbolo di identit\u00e0 e stile per la generazione attuale. Fondato da Clint, Corteiz \u00e8 un marchio che ha saputo imporsi nel panorama della moda urbana grazie alla sua estetica cruda e senza compromessi, unita a un forte senso di comunit\u00e0.<br \/>\nLe t-shirt Corteiz sono realizzate in cotone di alta qualit\u00e0, offrendo un comfort superiore e una vestibilit\u00e0 perfetta per l\u2019uso quotidiano. Ogni maglietta \u00e8 caratterizzata da design audaci e grafiche distintive, spesso accompagnate dal logo Alcatraz, che rappresenta la libert\u00e0 e la ribellione contro le norme convenzionali. Questo logo \u00e8 diventato un elemento iconico, riconosciuto immediatamente dagli appassionati di streetwear.<br \/>\nIndossare una t-shirt Corteiz significa non solo abbracciare uno stile urbano autentico, ma anche far parte di una comunit\u00e0 che celebra l\u2019individualit\u00e0 e la resistenza alle imposizioni sociali. Perfette per chi cerca un capo che vada oltre la moda, queste t-shirt sono ideali per chi desidera esprimere la propria personalit\u00e0 con un tocco di audacia e consapevolezza culturale.<\/p>","protected":false},"excerpt":{"rendered":"<p>Le t-shirt Corteiz incarnano l\u2019essenza dello streetwear britannico contemporaneo, diventando rapidamente un simbolo di identit\u00e0 e stile per la generazione attuale. Fondato da Clint, Corteiz \u00e8 un marchio che ha saputo imporsi nel panorama della moda urbana grazie alla sua estetica cruda e senza compromessi, unita a un forte senso di comunit\u00e0. Le t-shirt Corteiz [&#8230;]","protected":false},"featured_media":10655,"comment_status":"open","ping_status":"closed","template":"","meta":[],"product_brand":[],"product_cat":[119],"product_tag":[],"class_list":{"0":"post-10656","1":"product","2":"type-product","3":"status-publish","4":"has-post-thumbnail","6":"product_cat-corteiz-t-shirt","8":"first","9":"outofstock","10":"shipping-taxable","11":"purchasable","12":"product-type-simple"},"_links":{"self":[{"href":"https:\/\/theallbest.com\/en\/wp-json\/wp\/v2\/product\/10656","targetHints":{"allow":["GET"]}}],"collection":[{"href":"https:\/\/theallbest.com\/en\/wp-json\/wp\/v2\/product"}],"about":[{"href":"https:\/\/theallbest.com\/en\/wp-json\/wp\/v2\/types\/product"}],"replies":[{"embeddable":true,"href":"https:\/\/theallbest.com\/en\/wp-json\/wp\/v2\/comments?post=10656"}],"wp:featuredmedia":[{"embeddable":true,"href":"https:\/\/theallbest.com\/en\/wp-json\/wp\/v2\/media\/10655"}],"wp:attachment":[{"href":"https:\/\/theallbest.com\/en\/wp-json\/wp\/v2\/media?parent=10656"}],"wp:term":[{"taxonomy":"product_brand","embeddable":true,"href":"https:\/\/theallbest.com\/en\/wp-json\/wp\/v2\/product_brand?post=10656"},{"taxonomy":"product_cat","embeddable":true,"href":"https:\/\/theallbest.com\/en\/wp-json\/wp\/v2\/product_cat?post=10656"},{"taxonomy":"product_tag","embeddable":true,"href":"https:\/\/theallbest.com\/en\/wp-json\/wp\/v2\/product_tag?post=10656"}],"curies":[{"name":"wp","href":"https:\/\/api.w.org\/{rel}","templated":true}]}}