{"id":10544,"date":"2025-12-06T11:48:19","date_gmt":"2025-12-06T11:48:19","guid":{"rendered":"https:\/\/seashell-dinosaur-178689.hostingersite.com\/product\/crtz-jeans-4\/"},"modified":"2026-04-02T04:11:20","modified_gmt":"2026-04-02T04:11:20","slug":"crtz-jeans-4","status":"publish","type":"product","link":"https:\/\/theallbest.com\/en\/product\/crtz-jeans-4\/","title":{"rendered":"CRTZ jeans"},"content":{"rendered":"<p>I pantaloni Corteiz sono un esempio perfetto di come il brand sappia unire funzionalit\u00e0 e stile, riflettendo l\u2019essenza dello streetwear contemporaneo. Fondato da Clint, Corteiz \u00e8 noto per la sua capacit\u00e0 di creare capi che rispecchiano la cultura urbana con un tocco di ribellione e autenticit\u00e0, e i pantaloni non fanno eccezione.<br \/>\nRealizzati con materiali resistenti e di alta qualit\u00e0, i pantaloni Corteiz offrono una vestibilit\u00e0 comoda e durevole, ideali per affrontare la vita di tutti i giorni con stile. Disponibili in vari modelli, dai joggers sportivi ai cargo funzionali, ogni paio di pantaloni \u00e8 caratterizzato da dettagli distintivi come il logo Alcatraz, simbolo di libert\u00e0 e resistenza alle convenzioni sociali. Questo logo, ormai iconico, \u00e8 un segno di appartenenza a una comunit\u00e0 che celebra l&#8217;individualit\u00e0 e l&#8217;autenticit\u00e0.<br \/>\nIndossare un paio di pantaloni Corteiz significa scegliere un capo che unisce praticit\u00e0 e stile, perfetto per chi desidera esprimere la propria personalit\u00e0 attraverso la moda urbana. Questi pantaloni sono ideali per chi cerca un look che sia tanto funzionale quanto distintivo, abbracciando la cultura streetwear con un atteggiamento sicuro e consapevole.<\/p>","protected":false},"excerpt":{"rendered":"<p>I pantaloni Corteiz sono un esempio perfetto di come il brand sappia unire funzionalit\u00e0 e stile, riflettendo l\u2019essenza dello streetwear contemporaneo. Fondato da Clint, Corteiz \u00e8 noto per la sua capacit\u00e0 di creare capi che rispecchiano la cultura urbana con un tocco di ribellione e autenticit\u00e0, e i pantaloni non fanno eccezione. Realizzati con materiali [&#8230;]","protected":false},"featured_media":10543,"comment_status":"open","ping_status":"closed","template":"","meta":[],"product_brand":[],"product_cat":[118],"product_tag":[],"class_list":{"0":"post-10544","1":"product","2":"type-product","3":"status-publish","4":"has-post-thumbnail","6":"product_cat-corteiz-pants","8":"first","9":"outofstock","10":"shipping-taxable","11":"purchasable","12":"product-type-simple"},"_links":{"self":[{"href":"https:\/\/theallbest.com\/en\/wp-json\/wp\/v2\/product\/10544","targetHints":{"allow":["GET"]}}],"collection":[{"href":"https:\/\/theallbest.com\/en\/wp-json\/wp\/v2\/product"}],"about":[{"href":"https:\/\/theallbest.com\/en\/wp-json\/wp\/v2\/types\/product"}],"replies":[{"embeddable":true,"href":"https:\/\/theallbest.com\/en\/wp-json\/wp\/v2\/comments?post=10544"}],"wp:featuredmedia":[{"embeddable":true,"href":"https:\/\/theallbest.com\/en\/wp-json\/wp\/v2\/media\/10543"}],"wp:attachment":[{"href":"https:\/\/theallbest.com\/en\/wp-json\/wp\/v2\/media?parent=10544"}],"wp:term":[{"taxonomy":"product_brand","embeddable":true,"href":"https:\/\/theallbest.com\/en\/wp-json\/wp\/v2\/product_brand?post=10544"},{"taxonomy":"product_cat","embeddable":true,"href":"https:\/\/theallbest.com\/en\/wp-json\/wp\/v2\/product_cat?post=10544"},{"taxonomy":"product_tag","embeddable":true,"href":"https:\/\/theallbest.com\/en\/wp-json\/wp\/v2\/product_tag?post=10544"}],"curies":[{"name":"wp","href":"https:\/\/api.w.org\/{rel}","templated":true}]}}