{"id":10468,"date":"2025-12-06T11:44:32","date_gmt":"2025-12-06T11:44:32","guid":{"rendered":"https:\/\/seashell-dinosaur-178689.hostingersite.com\/product\/crtz-sweatshirt-10\/"},"modified":"2026-04-02T03:44:49","modified_gmt":"2026-04-02T03:44:49","slug":"crtz-sweatshirt-10","status":"publish","type":"product","link":"https:\/\/theallbest.com\/en\/product\/crtz-sweatshirt-10\/","title":{"rendered":"CRTZ sweatshirt"},"content":{"rendered":"<p>Le hoodies Corteiz sono diventate un pilastro essenziale dello streetwear, rappresentando un mix di ribellione e identit\u00e0 culturale. Fondate da Clint, queste felpe con cappuccio riflettono l&#8217;estetica grezza e autentica del marchio, che si \u00e8 rapidamente affermato nella scena della moda urbana.<br \/>\nRealizzate in tessuti di alta qualit\u00e0, le hoodies Corteiz offrono comfort e resistenza, perfette per essere indossate in ogni stagione. Ogni felpa \u00e8 caratterizzata da design audaci e grafiche distintive, spesso dominate dal logo Alcatraz, che simboleggia la libert\u00e0 e la resistenza contro le norme sociali. Questo logo \u00e8 diventato un segno distintivo per chi cerca di esprimere la propria individualit\u00e0 attraverso la moda.<br \/>\nIndossare una hoodie Corteiz significa far parte di una comunit\u00e0 che valorizza l&#8217;autenticit\u00e0 e l&#8217;espressione personale. Perfette per chi desidera unire comfort e stile con un messaggio di ribellione, queste felpe sono ideali per chi vuole distinguersi con un look che va oltre il semplice abbigliamento, abbracciando una filosofia di vita.<\/p>","protected":false},"excerpt":{"rendered":"<p>Le hoodies Corteiz sono diventate un pilastro essenziale dello streetwear, rappresentando un mix di ribellione e identit\u00e0 culturale. Fondate da Clint, queste felpe con cappuccio riflettono l&#8217;estetica grezza e autentica del marchio, che si \u00e8 rapidamente affermato nella scena della moda urbana. Realizzate in tessuti di alta qualit\u00e0, le hoodies Corteiz offrono comfort e resistenza, [&#8230;]","protected":false},"featured_media":10467,"comment_status":"open","ping_status":"closed","template":"","meta":[],"product_brand":[],"product_cat":[117],"product_tag":[],"class_list":{"0":"post-10468","1":"product","2":"type-product","3":"status-publish","4":"has-post-thumbnail","6":"product_cat-corteiz-hoodies","8":"first","9":"outofstock","10":"shipping-taxable","11":"purchasable","12":"product-type-simple"},"_links":{"self":[{"href":"https:\/\/theallbest.com\/en\/wp-json\/wp\/v2\/product\/10468","targetHints":{"allow":["GET"]}}],"collection":[{"href":"https:\/\/theallbest.com\/en\/wp-json\/wp\/v2\/product"}],"about":[{"href":"https:\/\/theallbest.com\/en\/wp-json\/wp\/v2\/types\/product"}],"replies":[{"embeddable":true,"href":"https:\/\/theallbest.com\/en\/wp-json\/wp\/v2\/comments?post=10468"}],"wp:featuredmedia":[{"embeddable":true,"href":"https:\/\/theallbest.com\/en\/wp-json\/wp\/v2\/media\/10467"}],"wp:attachment":[{"href":"https:\/\/theallbest.com\/en\/wp-json\/wp\/v2\/media?parent=10468"}],"wp:term":[{"taxonomy":"product_brand","embeddable":true,"href":"https:\/\/theallbest.com\/en\/wp-json\/wp\/v2\/product_brand?post=10468"},{"taxonomy":"product_cat","embeddable":true,"href":"https:\/\/theallbest.com\/en\/wp-json\/wp\/v2\/product_cat?post=10468"},{"taxonomy":"product_tag","embeddable":true,"href":"https:\/\/theallbest.com\/en\/wp-json\/wp\/v2\/product_tag?post=10468"}],"curies":[{"name":"wp","href":"https:\/\/api.w.org\/{rel}","templated":true}]}}