{"id":10420,"date":"2025-12-06T11:41:39","date_gmt":"2025-12-06T11:41:39","guid":{"rendered":"https:\/\/seashell-dinosaur-178689.hostingersite.com\/product\/crtz-jacket-10\/"},"modified":"2026-04-02T03:17:21","modified_gmt":"2026-04-02T03:17:21","slug":"crtz-jacket-10","status":"publish","type":"product","link":"https:\/\/theallbest.com\/en\/product\/crtz-jacket-10\/","title":{"rendered":"CRTZ Jacket"},"content":{"rendered":"<p>Le giacche Corteiz rappresentano il perfetto equilibrio tra stile urbano e funzionalit\u00e0, riflettendo la filosofia ribelle e indipendente che \u00e8 al cuore del brand. Fondate da Clint, le giacche Corteiz si sono affermate come capi essenziali per chi vive e respira la cultura streetwear, offrendo design audaci e pratici che si adattano perfettamente alla vita quotidiana in citt\u00e0.<br \/>\nRealizzate con materiali di alta qualit\u00e0, queste giacche sono progettate per offrire resistenza e comfort in ogni condizione. Che si tratti di bomber, giacche a vento o modelli pi\u00f9 strutturati, ogni pezzo \u00e8 caratterizzato da dettagli distintivi come il logo Alcatraz, che rappresenta la libert\u00e0 e l&#8217;idea di sfidare le convenzioni. Questo simbolo \u00e8 diventato un emblema di appartenenza a una comunit\u00e0 che valorizza l&#8217;individualit\u00e0 e il coraggio di esprimere se stessi.<br \/>\nIndossare una giacca Corteiz significa abbracciare un look che \u00e8 tanto funzionale quanto iconico. Perfette per chi cerca un capo che unisca stile e sostanza, queste giacche sono ideali per affrontare le sfide della vita urbana con un atteggiamento sicuro e consapevole.<\/p>","protected":false},"excerpt":{"rendered":"<p>Le giacche Corteiz rappresentano il perfetto equilibrio tra stile urbano e funzionalit\u00e0, riflettendo la filosofia ribelle e indipendente che \u00e8 al cuore del brand. Fondate da Clint, le giacche Corteiz si sono affermate come capi essenziali per chi vive e respira la cultura streetwear, offrendo design audaci e pratici che si adattano perfettamente alla vita [&#8230;]","protected":false},"featured_media":10419,"comment_status":"open","ping_status":"closed","template":"","meta":[],"product_brand":[],"product_cat":[116],"product_tag":[],"class_list":{"0":"post-10420","1":"product","2":"type-product","3":"status-publish","4":"has-post-thumbnail","6":"product_cat-corteiz-jacket","8":"first","9":"instock","10":"shipping-taxable","11":"purchasable","12":"product-type-simple"},"_links":{"self":[{"href":"https:\/\/theallbest.com\/en\/wp-json\/wp\/v2\/product\/10420","targetHints":{"allow":["GET"]}}],"collection":[{"href":"https:\/\/theallbest.com\/en\/wp-json\/wp\/v2\/product"}],"about":[{"href":"https:\/\/theallbest.com\/en\/wp-json\/wp\/v2\/types\/product"}],"replies":[{"embeddable":true,"href":"https:\/\/theallbest.com\/en\/wp-json\/wp\/v2\/comments?post=10420"}],"wp:featuredmedia":[{"embeddable":true,"href":"https:\/\/theallbest.com\/en\/wp-json\/wp\/v2\/media\/10419"}],"wp:attachment":[{"href":"https:\/\/theallbest.com\/en\/wp-json\/wp\/v2\/media?parent=10420"}],"wp:term":[{"taxonomy":"product_brand","embeddable":true,"href":"https:\/\/theallbest.com\/en\/wp-json\/wp\/v2\/product_brand?post=10420"},{"taxonomy":"product_cat","embeddable":true,"href":"https:\/\/theallbest.com\/en\/wp-json\/wp\/v2\/product_cat?post=10420"},{"taxonomy":"product_tag","embeddable":true,"href":"https:\/\/theallbest.com\/en\/wp-json\/wp\/v2\/product_tag?post=10420"}],"curies":[{"name":"wp","href":"https:\/\/api.w.org\/{rel}","templated":true}]}}