{"id":10338,"date":"2025-12-06T11:38:02","date_gmt":"2025-12-06T11:38:02","guid":{"rendered":"https:\/\/seashell-dinosaur-178689.hostingersite.com\/product\/trpstr-giacca-donna\/"},"modified":"2026-04-27T04:35:14","modified_gmt":"2026-04-27T04:35:14","slug":"trpstr-giacca-donna","status":"publish","type":"product","link":"https:\/\/theallbest.com\/en\/product\/trpstr-giacca-donna\/","title":{"rendered":"TRPSTR Giacca Donna"},"content":{"rendered":"<p>Trapstar \u00e8 un marchio di streetwear che incarna l&#8217;essenza della cultura urbana contemporanea, con un forte richiamo alle influenze musicali, artistiche e subculturali. Fondato a Londra, Trapstar \u00e8 diventato rapidamente un&#8217;icona globale, noto per i suoi design audaci, distintivi e ricchi di significato. Ogni prodotto Trapstar, che si tratti di abbigliamento, accessori o calzature, \u00e8 caratterizzato da una combinazione di stile grintoso e dettagli raffinati, pensati per chi desidera esprimere la propria individualit\u00e0 attraverso la moda. I prodotti Trapstar sono riconoscibili per l&#8217;uso di loghi prominenti, stampe grafiche uniche e materiali di alta qualit\u00e0, che non solo offrono comfort ma anche una durabilit\u00e0 superiore. Il brand si distingue per la capacit\u00e0 di fondere estetica e funzionalit\u00e0, rendendo ogni capo non solo un simbolo di appartenenza alla cultura streetwear, ma anche un elemento essenziale per chi cerca di distinguersi con un look contemporaneo e autentico. Trapstar non \u00e8 solo un marchio di moda, ma una dichiarazione di stile che parla di forza, ribellione e appartenenza a una comunit\u00e0 globale in continua evoluzione. Scegliere Trapstar significa abbracciare una visione della moda che \u00e8 tanto espressiva quanto pratica, perfetta per chi vive e respira la cultura urbana.<\/p>","protected":false},"excerpt":{"rendered":"<p>Trapstar \u00e8 un marchio di streetwear che incarna l&#8217;essenza della cultura urbana contemporanea, con un forte richiamo alle influenze musicali, artistiche e subculturali. Fondato a Londra, Trapstar \u00e8 diventato rapidamente un&#8217;icona globale, noto per i suoi design audaci, distintivi e ricchi di significato. Ogni prodotto Trapstar, che si tratti di abbigliamento, accessori o calzature, \u00e8 [&#8230;]","protected":false},"featured_media":10337,"comment_status":"open","ping_status":"closed","template":"","meta":[],"product_brand":[],"product_cat":[115],"product_tag":[],"class_list":{"0":"post-10338","1":"product","2":"type-product","3":"status-publish","4":"has-post-thumbnail","6":"product_cat-trpstr","8":"first","9":"outofstock","10":"shipping-taxable","11":"purchasable","12":"product-type-simple"},"_links":{"self":[{"href":"https:\/\/theallbest.com\/en\/wp-json\/wp\/v2\/product\/10338","targetHints":{"allow":["GET"]}}],"collection":[{"href":"https:\/\/theallbest.com\/en\/wp-json\/wp\/v2\/product"}],"about":[{"href":"https:\/\/theallbest.com\/en\/wp-json\/wp\/v2\/types\/product"}],"replies":[{"embeddable":true,"href":"https:\/\/theallbest.com\/en\/wp-json\/wp\/v2\/comments?post=10338"}],"wp:featuredmedia":[{"embeddable":true,"href":"https:\/\/theallbest.com\/en\/wp-json\/wp\/v2\/media\/10337"}],"wp:attachment":[{"href":"https:\/\/theallbest.com\/en\/wp-json\/wp\/v2\/media?parent=10338"}],"wp:term":[{"taxonomy":"product_brand","embeddable":true,"href":"https:\/\/theallbest.com\/en\/wp-json\/wp\/v2\/product_brand?post=10338"},{"taxonomy":"product_cat","embeddable":true,"href":"https:\/\/theallbest.com\/en\/wp-json\/wp\/v2\/product_cat?post=10338"},{"taxonomy":"product_tag","embeddable":true,"href":"https:\/\/theallbest.com\/en\/wp-json\/wp\/v2\/product_tag?post=10338"}],"curies":[{"name":"wp","href":"https:\/\/api.w.org\/{rel}","templated":true}]}}